{"id":17625,"date":"2020-03-31T15:35:37","date_gmt":"2020-03-31T13:35:37","guid":{"rendered":"https:\/\/www.mecgem.it\/servizi\/"},"modified":"2020-11-03T10:42:23","modified_gmt":"2020-11-03T09:42:23","slug":"dienstleistungen","status":"publish","type":"page","link":"https:\/\/www.mecgem.it\/de\/dienstleistungen\/","title":{"rendered":"Dienstleistungen"},"content":{"rendered":"<div class=\"vgblk-rw-wrapper limit-wrapper\"><h5>\n\tMECGEM\n\t<\/h5>\n<h2>\n\tUnsere<br \/><strong>Dienstleistungen<\/strong>\n\t<\/h2>\n<h3>\n\t\t\t<a href=\"\/industries-served\/automotive-manifacturing\/\" title=\"Beratung\" target=\"_self\" rel=\"noopener noreferrer\">\n\tBeratung\n\t\t\t<\/a>\n\t<\/h3>\n\t<p>Mecgem bietet tatkr\u00e4ftige Unterst\u00fctzung und individuelle Beratung, um die genauen Kundenbed\u00fcrfnisse zu ermitteln.<\/p>\n<h3>\n\t\t\t<a href=\"\/industries-served\/mechanical-engineering\/\" title=\"Planung\" target=\"_self\" rel=\"noopener noreferrer\">\n\tPlanung\n\t\t\t<\/a>\n\t<\/h3>\n\t<p>Die Planungsphase wird durch unser internes Forschungs- und Entwicklungsteam begleitet, das innovative Komplettl\u00f6sungen liefern kann.<\/p>\n<h3>\n\t\t\t<a href=\"\/industries-served\/industrial-construction\/\" title=\"Ausf\u00fchrung\" target=\"_self\" rel=\"noopener noreferrer\">\n\tAusf\u00fchrung\n\t\t\t<\/a>\n\t<\/h3>\n\t<p>Die Ausf\u00fchrung erfolgt schnell, termingerecht und nach den spezifischen Kundenanforderungen.<\/p>\n<h3>\n\t\t\t<a href=\"\/industries-served\/automotive-manifacturing\/\" title=\"Installation\" target=\"_self\" rel=\"noopener noreferrer\">\n\tInstallation\n\t\t\t<\/a>\n\t<\/h3>\n\t<p>Die Montagephase wird in jedem Schritt durch erfahrenes und professionelles Personal ausgef\u00fchrt.<\/p>\n<h3>\n\t\t\t<a href=\"\/industries-served\/mechanical-engineering\/\" title=\"Kundendienst und Wartung\" target=\"_self\" rel=\"noopener noreferrer\">\n\tKundendienst und Wartung\n\t\t\t<\/a>\n\t<\/h3>\n\t<p>W\u00e4hrend der Inbetriebnahme und der gesamten Lebensdauer der Anlage steht Ihnen kompetentes Personal zur Verf\u00fcgung, das planm\u00e4\u00dfige und g\u00fcnstige Wartungspakete anbietet.<\/p>\n<h3>\n\t\t\t<a href=\"\/industries-served\/oil-gas-energy\/\" title=\"Finanzierung\" target=\"_self\" rel=\"noopener noreferrer\">\n\tFinanzierung\n\t\t\t<\/a>\n\t<\/h3>\n\t<p>Wir bieten Hilfe bei Finanzierungsl\u00f6sungen, um die Investitionsphase zu erleichtern und zu vereinfachen (nicht immer stellt der Kauf einer Anlage eine gangbare L\u00f6sung dar).<\/p>\n<h5>\n\tSVILUPPIAMO\n\t<\/h5>\n<h2>\n\tProjekte zur <b>\u00f6kologischen Nachhaltigkeit<\/b>\n\t<\/h2>\n\t<p>Entwicklung von innovativen und funktionalen Prozessen zur R\u00fcckgewinnung Abf\u00e4llen, die bei der Verarbeitung von Lebensmitteln anfallen.<\/p>\n\t<a href=\"https:\/\/www.mecgem.it\/de\/kontakt\/\" target=\"_self\" role=\"button\" rel=\"noopener noreferrer\">\n\t\t\t\t\tMehr erfahren\n\t<\/a>\n<\/div><!-- .vgblk-rw-wrapper -->","protected":false},"excerpt":{"rendered":"<p>MECGEM UnsereDienstleistungen Beratung Mecgem bietet tatkr\u00e4ftige Unterst\u00fctzung und individuelle Beratung, um die genauen Kundenbed\u00fcrfnisse zu ermitteln. Planung Die Planungsphase wird durch unser internes Forschungs- und Entwicklungsteam begleitet, das innovative Komplettl\u00f6sungen liefern kann. Ausf\u00fchrung Die Ausf\u00fchrung erfolgt schnell, termingerecht und nach den spezifischen Kundenanforderungen. Installation Die Montagephase wird in jedem Schritt durch erfahrenes und professionelles Personal&#8230;<\/p>\n","protected":false},"author":1,"featured_media":0,"parent":0,"menu_order":0,"comment_status":"closed","ping_status":"closed","template":"","meta":{"footnotes":""},"class_list":["post-17625","page","type-page","status-publish","hentry"],"yoast_head":"<!-- This site is optimized with the Yoast SEO plugin v21.2 - https:\/\/yoast.com\/wordpress\/plugins\/seo\/ -->\n<title>Dienstleistungen | Mecgem<\/title>\n<meta name=\"robots\" content=\"index, follow, max-snippet:-1, max-image-preview:large, max-video-preview:-1\" \/>\n<link rel=\"canonical\" href=\"https:\/\/www.mecgem.it\/de\/dienstleistungen\/\" \/>\n<meta property=\"og:locale\" content=\"de_DE\" \/>\n<meta property=\"og:type\" content=\"article\" \/>\n<meta property=\"og:title\" content=\"Dienstleistungen | Mecgem\" \/>\n<meta property=\"og:description\" content=\"MECGEM UnsereDienstleistungen Beratung Mecgem bietet tatkr\u00e4ftige Unterst\u00fctzung und individuelle Beratung, um die genauen Kundenbed\u00fcrfnisse zu ermitteln. Planung Die Planungsphase wird durch unser internes Forschungs- und Entwicklungsteam begleitet, das innovative Komplettl\u00f6sungen liefern kann. Ausf\u00fchrung Die Ausf\u00fchrung erfolgt schnell, termingerecht und nach den spezifischen Kundenanforderungen. Installation Die Montagephase wird in jedem Schritt durch erfahrenes und professionelles Personal...\" \/>\n<meta property=\"og:url\" content=\"https:\/\/www.mecgem.it\/de\/dienstleistungen\/\" \/>\n<meta property=\"og:site_name\" content=\"Mecgem\" \/>\n<meta property=\"article:modified_time\" content=\"2020-11-03T09:42:23+00:00\" \/>\n<meta name=\"twitter:card\" content=\"summary_large_image\" \/>\n<meta name=\"twitter:label1\" content=\"Gesch\u00e4tzte Lesezeit\" \/>\n\t<meta name=\"twitter:data1\" content=\"1\u00a0Minute\" \/>\n<script type=\"application\/ld+json\" class=\"yoast-schema-graph\">{\"@context\":\"https:\/\/schema.org\",\"@graph\":[{\"@type\":\"WebPage\",\"@id\":\"https:\/\/www.mecgem.it\/de\/dienstleistungen\/\",\"url\":\"https:\/\/www.mecgem.it\/de\/dienstleistungen\/\",\"name\":\"Dienstleistungen | Mecgem\",\"isPartOf\":{\"@id\":\"https:\/\/www.mecgem.it\/#website\"},\"datePublished\":\"2020-03-31T13:35:37+00:00\",\"dateModified\":\"2020-11-03T09:42:23+00:00\",\"breadcrumb\":{\"@id\":\"https:\/\/www.mecgem.it\/de\/dienstleistungen\/#breadcrumb\"},\"inLanguage\":\"de\",\"potentialAction\":[{\"@type\":\"ReadAction\",\"target\":[\"https:\/\/www.mecgem.it\/de\/dienstleistungen\/\"]}]},{\"@type\":\"BreadcrumbList\",\"@id\":\"https:\/\/www.mecgem.it\/de\/dienstleistungen\/#breadcrumb\",\"itemListElement\":[{\"@type\":\"ListItem\",\"position\":1,\"name\":\"Home\",\"item\":\"https:\/\/www.mecgem.it\/de\/\"},{\"@type\":\"ListItem\",\"position\":2,\"name\":\"Dienstleistungen\"}]},{\"@type\":\"WebSite\",\"@id\":\"https:\/\/www.mecgem.it\/#website\",\"url\":\"https:\/\/www.mecgem.it\/\",\"name\":\"Mecgem\",\"description\":\"\",\"publisher\":{\"@id\":\"https:\/\/www.mecgem.it\/#organization\"},\"potentialAction\":[{\"@type\":\"SearchAction\",\"target\":{\"@type\":\"EntryPoint\",\"urlTemplate\":\"https:\/\/www.mecgem.it\/?s={search_term_string}\"},\"query-input\":\"required name=search_term_string\"}],\"inLanguage\":\"de\"},{\"@type\":\"Organization\",\"@id\":\"https:\/\/www.mecgem.it\/#organization\",\"name\":\"MECGEM TECNOLOGY\",\"url\":\"https:\/\/www.mecgem.it\/\",\"logo\":{\"@type\":\"ImageObject\",\"inLanguage\":\"de\",\"@id\":\"https:\/\/www.mecgem.it\/#\/schema\/logo\/image\/\",\"url\":\"https:\/\/www.mecgem.it\/wp-content\/uploads\/2020\/03\/mecgem-tecnology-logo-2.png\",\"contentUrl\":\"https:\/\/www.mecgem.it\/wp-content\/uploads\/2020\/03\/mecgem-tecnology-logo-2.png\",\"width\":543,\"height\":150,\"caption\":\"MECGEM TECNOLOGY\"},\"image\":{\"@id\":\"https:\/\/www.mecgem.it\/#\/schema\/logo\/image\/\"}}]}<\/script>\n<!-- \/ Yoast SEO plugin. -->","yoast_head_json":{"title":"Dienstleistungen | Mecgem","robots":{"index":"index","follow":"follow","max-snippet":"max-snippet:-1","max-image-preview":"max-image-preview:large","max-video-preview":"max-video-preview:-1"},"canonical":"https:\/\/www.mecgem.it\/de\/dienstleistungen\/","og_locale":"de_DE","og_type":"article","og_title":"Dienstleistungen | Mecgem","og_description":"MECGEM UnsereDienstleistungen Beratung Mecgem bietet tatkr\u00e4ftige Unterst\u00fctzung und individuelle Beratung, um die genauen Kundenbed\u00fcrfnisse zu ermitteln. Planung Die Planungsphase wird durch unser internes Forschungs- und Entwicklungsteam begleitet, das innovative Komplettl\u00f6sungen liefern kann. Ausf\u00fchrung Die Ausf\u00fchrung erfolgt schnell, termingerecht und nach den spezifischen Kundenanforderungen. Installation Die Montagephase wird in jedem Schritt durch erfahrenes und professionelles Personal...","og_url":"https:\/\/www.mecgem.it\/de\/dienstleistungen\/","og_site_name":"Mecgem","article_modified_time":"2020-11-03T09:42:23+00:00","twitter_card":"summary_large_image","twitter_misc":{"Gesch\u00e4tzte Lesezeit":"1\u00a0Minute"},"schema":{"@context":"https:\/\/schema.org","@graph":[{"@type":"WebPage","@id":"https:\/\/www.mecgem.it\/de\/dienstleistungen\/","url":"https:\/\/www.mecgem.it\/de\/dienstleistungen\/","name":"Dienstleistungen | Mecgem","isPartOf":{"@id":"https:\/\/www.mecgem.it\/#website"},"datePublished":"2020-03-31T13:35:37+00:00","dateModified":"2020-11-03T09:42:23+00:00","breadcrumb":{"@id":"https:\/\/www.mecgem.it\/de\/dienstleistungen\/#breadcrumb"},"inLanguage":"de","potentialAction":[{"@type":"ReadAction","target":["https:\/\/www.mecgem.it\/de\/dienstleistungen\/"]}]},{"@type":"BreadcrumbList","@id":"https:\/\/www.mecgem.it\/de\/dienstleistungen\/#breadcrumb","itemListElement":[{"@type":"ListItem","position":1,"name":"Home","item":"https:\/\/www.mecgem.it\/de\/"},{"@type":"ListItem","position":2,"name":"Dienstleistungen"}]},{"@type":"WebSite","@id":"https:\/\/www.mecgem.it\/#website","url":"https:\/\/www.mecgem.it\/","name":"Mecgem","description":"","publisher":{"@id":"https:\/\/www.mecgem.it\/#organization"},"potentialAction":[{"@type":"SearchAction","target":{"@type":"EntryPoint","urlTemplate":"https:\/\/www.mecgem.it\/?s={search_term_string}"},"query-input":"required name=search_term_string"}],"inLanguage":"de"},{"@type":"Organization","@id":"https:\/\/www.mecgem.it\/#organization","name":"MECGEM TECNOLOGY","url":"https:\/\/www.mecgem.it\/","logo":{"@type":"ImageObject","inLanguage":"de","@id":"https:\/\/www.mecgem.it\/#\/schema\/logo\/image\/","url":"https:\/\/www.mecgem.it\/wp-content\/uploads\/2020\/03\/mecgem-tecnology-logo-2.png","contentUrl":"https:\/\/www.mecgem.it\/wp-content\/uploads\/2020\/03\/mecgem-tecnology-logo-2.png","width":543,"height":150,"caption":"MECGEM TECNOLOGY"},"image":{"@id":"https:\/\/www.mecgem.it\/#\/schema\/logo\/image\/"}}]}},"_links":{"self":[{"href":"https:\/\/www.mecgem.it\/de\/wp-json\/wp\/v2\/pages\/17625","targetHints":{"allow":["GET"]}}],"collection":[{"href":"https:\/\/www.mecgem.it\/de\/wp-json\/wp\/v2\/pages"}],"about":[{"href":"https:\/\/www.mecgem.it\/de\/wp-json\/wp\/v2\/types\/page"}],"author":[{"embeddable":true,"href":"https:\/\/www.mecgem.it\/de\/wp-json\/wp\/v2\/users\/1"}],"replies":[{"embeddable":true,"href":"https:\/\/www.mecgem.it\/de\/wp-json\/wp\/v2\/comments?post=17625"}],"version-history":[{"count":4,"href":"https:\/\/www.mecgem.it\/de\/wp-json\/wp\/v2\/pages\/17625\/revisions"}],"predecessor-version":[{"id":17770,"href":"https:\/\/www.mecgem.it\/de\/wp-json\/wp\/v2\/pages\/17625\/revisions\/17770"}],"wp:attachment":[{"href":"https:\/\/www.mecgem.it\/de\/wp-json\/wp\/v2\/media?parent=17625"}],"curies":[{"name":"wp","href":"https:\/\/api.w.org\/{rel}","templated":true}]}}