{"id":17655,"date":"2020-06-23T10:14:03","date_gmt":"2020-06-23T08:14:03","guid":{"rendered":"https:\/\/www.mecgem.it\/job\/"},"modified":"2020-11-03T09:07:02","modified_gmt":"2020-11-03T08:07:02","slug":"jobs","status":"publish","type":"page","link":"https:\/\/www.mecgem.it\/de\/jobs\/","title":{"rendered":"Jobs"},"content":{"rendered":"<div class=\"vgblk-rw-wrapper limit-wrapper\">\n<h4>Hier k\u00f6nnen Sie Ihre Initiativbewerbung bei MecGem einreichen. Geben Sie hier Ihre Daten ein und h\u00e4ngen Sie Ihren Lebenslauf an.<\/h4>\n<p>\n<div class=\"frm_forms  with_frm_style frm_style_stile-di-formidable\" id=\"frm_form_6_container\" >\n<form enctype=\"multipart\/form-data\" method=\"post\" class=\"frm-show-form  frm_js_validate  frm_ajax_submit  frm_pro_form \" id=\"form_contattiit447e5a083ede61a1cdc1acc3c27fd1\" >\n<div class=\"frm_form_fields \">\n<fieldset>\n<legend class=\"frm_screen_reader\">Job DE<\/legend>\r\n\r\n<div class=\"frm_fields_container\">\n<input type=\"hidden\" name=\"frm_action\" value=\"create\" \/>\n<input type=\"hidden\" name=\"form_id\" value=\"6\" \/>\n<input type=\"hidden\" name=\"frm_hide_fields_6\" id=\"frm_hide_fields_6\" value=\"\" \/>\n<input type=\"hidden\" name=\"form_key\" value=\"contattiit447e5a083ede61a1cdc1acc3c27fd1\" \/>\n<input type=\"hidden\" name=\"item_meta[0]\" value=\"\" \/>\n<input type=\"hidden\" id=\"frm_submit_entry_6\" name=\"frm_submit_entry_6\" value=\"54218b5778\" \/><input type=\"hidden\" name=\"_wp_http_referer\" value=\"\/de\/wp-json\/wp\/v2\/pages\/17655\" \/><div id=\"frm_field_39_container\" class=\"frm_form_field form-field  frm_required_field frm_none_container frm_half frm_first\">\r\n    <label for=\"field_wxgdf2267b12ce08e11d26ddc5d5e96b895\" id=\"field_wxgdf2267b12ce08e11d26ddc5d5e96b895_label\" class=\"frm_primary_label\">Vorname\r\n        <span class=\"frm_required\">*<\/span>\r\n    <\/label>\r\n    <input  type=\"text\" id=\"field_wxgdf2267b12ce08e11d26ddc5d5e96b895\" name=\"item_meta[39]\" value=\"\"  placeholder=\"Vorname*\" data-reqmsg=\"Dieses Feld darf nicht leer sein.\" aria-required=\"true\" data-invmsg=\"Testo non \u00e8 valido\" aria-invalid=\"false\"   \/>\r\n    \r\n    \r\n<\/div>\n<div id=\"frm_field_40_container\" class=\"frm_form_field form-field  frm_required_field frm_none_container frm_half\">\r\n    <label for=\"field_dvydyb219d188ac32cd48984e9ca0bbdee9\" id=\"field_dvydyb219d188ac32cd48984e9ca0bbdee9_label\" class=\"frm_primary_label\">Nachname\r\n        <span class=\"frm_required\">*<\/span>\r\n    <\/label>\r\n    <input  type=\"text\" id=\"field_dvydyb219d188ac32cd48984e9ca0bbdee9\" name=\"item_meta[40]\" value=\"\"  placeholder=\"Nachname*\" data-reqmsg=\"Dieses Feld darf nicht leer sein.\" aria-required=\"true\" data-invmsg=\"Testo non \u00e8 valido\" aria-invalid=\"false\"   \/>\r\n    \r\n    \r\n<\/div>\n<div id=\"frm_field_41_container\" class=\"frm_form_field form-field  frm_required_field frm_none_container frm_half frm_first\">\r\n    <label for=\"field_tfuom25cecd76adcd0edae36883ac7f0769\" id=\"field_tfuom25cecd76adcd0edae36883ac7f0769_label\" class=\"frm_primary_label\">E-Mail\r\n        <span class=\"frm_required\">*<\/span>\r\n    <\/label>\r\n    <input type=\"email\" id=\"field_tfuom25cecd76adcd0edae36883ac7f0769\" name=\"item_meta[41]\" value=\"\"  placeholder=\"E-Mail*\" data-reqmsg=\"Dieses Feld darf nicht leer sein.\" aria-required=\"true\" data-invmsg=\"E-Mail nicht g\u00fcltig\" aria-invalid=\"false\"  \/>\r\n    \r\n    \r\n<\/div>\n<div id=\"frm_field_42_container\" class=\"frm_form_field form-field  frm_required_field frm_none_container frm_half\">\r\n    <label for=\"field_g0mwn15b83bb3e71ef586d1f39d15e21102\" id=\"field_g0mwn15b83bb3e71ef586d1f39d15e21102_label\" class=\"frm_primary_label\">Telefon\r\n        <span class=\"frm_required\">*<\/span>\r\n    <\/label>\r\n    <input  type=\"text\" id=\"field_g0mwn15b83bb3e71ef586d1f39d15e21102\" name=\"item_meta[42]\" value=\"\"  placeholder=\"Telefon*\" data-reqmsg=\"Dieses Feld darf nicht leer sein.\" aria-required=\"true\" data-invmsg=\"Testo non \u00e8 valido\" aria-invalid=\"false\"   \/>\r\n    \r\n    \r\n<\/div>\n<div id=\"frm_field_43_container\" class=\"frm_form_field form-field  frm_required_field frm_none_container\">\r\n    <label for=\"field_xz3nr18063e3469fa7fbf0af6a4de00b24e\" id=\"field_xz3nr18063e3469fa7fbf0af6a4de00b24e_label\" class=\"frm_primary_label\">Nachricht\r\n        <span class=\"frm_required\">*<\/span>\r\n    <\/label>\r\n    <textarea name=\"item_meta[43]\" id=\"field_xz3nr18063e3469fa7fbf0af6a4de00b24e\" rows=\"5\"  placeholder=\"Message*\" data-reqmsg=\"Dieses Feld darf nicht leer sein.\" aria-required=\"true\" data-invmsg=\"Nachricht ist ung\u00fcltig\" aria-invalid=\"false\"  ><\/textarea>\r\n    \r\n    \r\n<\/div>\n<div id=\"frm_field_44_container\" class=\"frm_form_field form-field  frm_required_field frm_top_container\">\r\n    <div  id=\"field_8hbqn8a01b4e15c8d4820874b_label\" class=\"frm_primary_label\">Lebenslauf\r\n        <span class=\"frm_required\">*<\/span>\r\n    <\/div>\r\n    <input type=\"hidden\"  data-reqmsg=\"Dieses Feld darf nicht leer sein.\" data-invmsg=\"Nicht g\u00fcltig\" class=\"auto_width\" aria-invalid=\"false\"   name=\"item_meta[44]\"  data-reqmsg=\"Dieses Feld darf nicht leer sein.\"  value=\"\" data-frmfile=\"44\" \/>\n\n<div class=\"frm_dropzone frm_single_upload frm_clearfix\" id=\"file44_dropzone\" role=\"group\" >\n\t<div class=\"fallback\">\n\t\t<input type=\"file\" name=\"file44\" id=\"field_8hbqn8a01b4e15c8d4820874b\"\n\t\t\t data-reqmsg=\"Dieses Feld darf nicht leer sein.\" data-invmsg=\"Nicht g\u00fcltig\" class=\"auto_width\" aria-invalid=\"false\"  \t\t\t\/>\n\t\t\t\t<div class=\"frm_clearfix \"><\/div>\n\t<\/div>\n\t<div class=\"dz-message needsclick\">\n\t\t\t\t<svg  viewBox=\"0 0 18 18\" class=\"frmsvg frm-svg-icon\">\n\t<path viewBox=\"0 0 18 18\" fill-rule=\"evenodd\" clip-rule=\"evenodd\" d=\"M8.2 4v8a.8.8 0 001.5 0V4l2.1 2.2A.7.7 0 1013 5L9.5 1.7a.7.7 0 00-1.1 0L5.1 5.2a.8.8 0 001 1l2.1-2zm7.6 4.3c.4 0 .7.3.7.7v6.8c0 .4-.3.7-.8.7H2.3a.8.8 0 01-.8-.8V9A.8.8 0 013 9v6h12V9c0-.4.3-.8.8-.8z\"><\/path>\n<\/svg>\t\t<span class=\"frm_upload_text\"><button type=\"button\" aria-label=\"Lebenslauf. Ziehen Sie Ihre Datei hierher oder klicken Sie, um sie hochzuladen. Maximale Dateigr\u00f6\u00dfe: 7MB\">Ziehen Sie Ihre Datei hierher oder klicken Sie, um sie hochzuladen<\/button><\/span>\n\t\t<span class=\"frm_compact_text\"><button type=\"button\" aria-label=\"Lebenslauf. Datei w\u00e4hlen. Maximale Dateigr\u00f6\u00dfe: 7MB\">Datei w\u00e4hlen<\/button><\/span>\n\t\t<div class=\"frm_small_text\">\n\t\t\t<p>Maximale Dateigr\u00f6\u00dfe: 7MB<\/p>\n\t\t<\/div>\n\t<\/div>\n<\/div>\n\t\r\n    \r\n    \r\n<\/div>\n<div id=\"frm_field_45_container\" class=\"frm_form_field form-field  frm_required_field frm_none_container vertical_radio\">\r\n    <div  id=\"field_fdf7w1cb2c3368db510621df4a52151c0cc_label\" class=\"frm_primary_label\">Datenschutzerkl\u00e4rung\r\n        <span class=\"frm_required\">*<\/span>\r\n    <\/div>\r\n    <div class=\"frm_opt_container\" aria-labelledby=\"field_fdf7w1cb2c3368db510621df4a52151c0cc_label\" role=\"group\">\t\t<div class=\"frm_checkbox\" id=\"frm_checkbox_45-0\">\t\t\t<label  for=\"field_fdf7w1cb2c3368db510621df4a52151c0cc-0\">\n\t\t\t<input type=\"checkbox\" name=\"item_meta[45][]\" id=\"field_fdf7w1cb2c3368db510621df4a52151c0cc-0\" value=\"Ich habe die &lt;a href=&quot;\/privacy-policy&quot;&gt;Datenschutzerkl\u00e4rung&lt;\/a&gt; gelesen und akzeptiere sie\"  data-reqmsg=\"Dieses Feld darf nicht leer sein.\" data-invmsg=\"Datenschutzerkl\u00e4rung ist ung\u00fcltig\" aria-invalid=\"false\"   aria-required=\"true\"  \/> Ich habe die <a href=\"\/privacy-policy\">Datenschutzerkl\u00e4rung<\/a> gelesen und akzeptiere sie<\/label><\/div>\n<\/div>\r\n    \r\n    \r\n<\/div>\n<div id=\"frm_field_46_container\" class=\"frm_form_field form-field  frm_none_container\">\r\n    <label for=\"g-recaptcha-response\" id=\"field_acmkp3909ae6c06ecc1596da1_label\" class=\"frm_primary_label\">reCAPTCHA\r\n        <span class=\"frm_required\"><\/span>\r\n    <\/label>\r\n    <div  id=\"field_acmkp3909ae6c06ecc1596da1\" class=\"frm-g-recaptcha\" data-sitekey=\"6Ld96woeAAAAAFyotKOYoBW8yI5rq-oAePMLq7r2\" data-size=\"invisible\" data-theme=\"light\"><\/div>\r\n    \r\n    \r\n<\/div>\n\t<input type=\"hidden\" name=\"item_key\" value=\"\" \/>\n\t<input name=\"frm_state\" type=\"hidden\" value=\"87iyut4GAvIl0y73ii2ramxqHa+22VV5oHdBSpBrQYcx+BVnuDnPW0dkmZH7AFOC\" \/><div class=\"frm_submit\">\r\n\r\n<button class=\"frm_button_submit frm_final_submit\" type=\"submit\"   formnovalidate=\"formnovalidate\">Bewerbung absenden<\/button>\r\n\r\n<\/div><\/div>\n<\/fieldset>\n<\/div>\n\n<\/form>\n<\/div>\n<\/div>\n<p><!-- .vgblk-rw-wrapper --><\/p>\n","protected":false},"excerpt":{"rendered":"<p>Hier k\u00f6nnen Sie Ihre Initiativbewerbung bei MecGem einreichen. Geben Sie hier Ihre Daten ein und h\u00e4ngen Sie Ihren Lebenslauf an.<\/p>\n","protected":false},"author":1,"featured_media":0,"parent":0,"menu_order":102,"comment_status":"closed","ping_status":"closed","template":"","meta":{"footnotes":""},"class_list":["post-17655","page","type-page","status-publish","hentry"],"yoast_head":"<!-- This site is optimized with the Yoast SEO plugin v21.2 - https:\/\/yoast.com\/wordpress\/plugins\/seo\/ -->\n<title>Jobs | Mecgem<\/title>\n<meta name=\"robots\" content=\"index, follow, max-snippet:-1, max-image-preview:large, max-video-preview:-1\" \/>\n<link rel=\"canonical\" href=\"https:\/\/www.mecgem.it\/de\/jobs\/\" \/>\n<meta property=\"og:locale\" content=\"de_DE\" \/>\n<meta property=\"og:type\" content=\"article\" \/>\n<meta property=\"og:title\" content=\"Jobs | Mecgem\" \/>\n<meta property=\"og:description\" content=\"Hier k\u00f6nnen Sie Ihre Initiativbewerbung bei MecGem einreichen. Geben Sie hier Ihre Daten ein und h\u00e4ngen Sie Ihren Lebenslauf an.\" \/>\n<meta property=\"og:url\" content=\"https:\/\/www.mecgem.it\/de\/jobs\/\" \/>\n<meta property=\"og:site_name\" content=\"Mecgem\" \/>\n<meta property=\"article:modified_time\" content=\"2020-11-03T08:07:02+00:00\" \/>\n<meta name=\"twitter:card\" content=\"summary_large_image\" \/>\n<script type=\"application\/ld+json\" class=\"yoast-schema-graph\">{\"@context\":\"https:\/\/schema.org\",\"@graph\":[{\"@type\":\"WebPage\",\"@id\":\"https:\/\/www.mecgem.it\/de\/jobs\/\",\"url\":\"https:\/\/www.mecgem.it\/de\/jobs\/\",\"name\":\"Jobs | Mecgem\",\"isPartOf\":{\"@id\":\"https:\/\/www.mecgem.it\/#website\"},\"datePublished\":\"2020-06-23T08:14:03+00:00\",\"dateModified\":\"2020-11-03T08:07:02+00:00\",\"breadcrumb\":{\"@id\":\"https:\/\/www.mecgem.it\/de\/jobs\/#breadcrumb\"},\"inLanguage\":\"de\",\"potentialAction\":[{\"@type\":\"ReadAction\",\"target\":[\"https:\/\/www.mecgem.it\/de\/jobs\/\"]}]},{\"@type\":\"BreadcrumbList\",\"@id\":\"https:\/\/www.mecgem.it\/de\/jobs\/#breadcrumb\",\"itemListElement\":[{\"@type\":\"ListItem\",\"position\":1,\"name\":\"Home\",\"item\":\"https:\/\/www.mecgem.it\/de\/\"},{\"@type\":\"ListItem\",\"position\":2,\"name\":\"Jobs\"}]},{\"@type\":\"WebSite\",\"@id\":\"https:\/\/www.mecgem.it\/#website\",\"url\":\"https:\/\/www.mecgem.it\/\",\"name\":\"Mecgem\",\"description\":\"\",\"publisher\":{\"@id\":\"https:\/\/www.mecgem.it\/#organization\"},\"potentialAction\":[{\"@type\":\"SearchAction\",\"target\":{\"@type\":\"EntryPoint\",\"urlTemplate\":\"https:\/\/www.mecgem.it\/?s={search_term_string}\"},\"query-input\":\"required name=search_term_string\"}],\"inLanguage\":\"de\"},{\"@type\":\"Organization\",\"@id\":\"https:\/\/www.mecgem.it\/#organization\",\"name\":\"MECGEM TECNOLOGY\",\"url\":\"https:\/\/www.mecgem.it\/\",\"logo\":{\"@type\":\"ImageObject\",\"inLanguage\":\"de\",\"@id\":\"https:\/\/www.mecgem.it\/#\/schema\/logo\/image\/\",\"url\":\"https:\/\/www.mecgem.it\/wp-content\/uploads\/2020\/03\/mecgem-tecnology-logo-2.png\",\"contentUrl\":\"https:\/\/www.mecgem.it\/wp-content\/uploads\/2020\/03\/mecgem-tecnology-logo-2.png\",\"width\":543,\"height\":150,\"caption\":\"MECGEM TECNOLOGY\"},\"image\":{\"@id\":\"https:\/\/www.mecgem.it\/#\/schema\/logo\/image\/\"}}]}<\/script>\n<!-- \/ Yoast SEO plugin. -->","yoast_head_json":{"title":"Jobs | Mecgem","robots":{"index":"index","follow":"follow","max-snippet":"max-snippet:-1","max-image-preview":"max-image-preview:large","max-video-preview":"max-video-preview:-1"},"canonical":"https:\/\/www.mecgem.it\/de\/jobs\/","og_locale":"de_DE","og_type":"article","og_title":"Jobs | Mecgem","og_description":"Hier k\u00f6nnen Sie Ihre Initiativbewerbung bei MecGem einreichen. Geben Sie hier Ihre Daten ein und h\u00e4ngen Sie Ihren Lebenslauf an.","og_url":"https:\/\/www.mecgem.it\/de\/jobs\/","og_site_name":"Mecgem","article_modified_time":"2020-11-03T08:07:02+00:00","twitter_card":"summary_large_image","schema":{"@context":"https:\/\/schema.org","@graph":[{"@type":"WebPage","@id":"https:\/\/www.mecgem.it\/de\/jobs\/","url":"https:\/\/www.mecgem.it\/de\/jobs\/","name":"Jobs | Mecgem","isPartOf":{"@id":"https:\/\/www.mecgem.it\/#website"},"datePublished":"2020-06-23T08:14:03+00:00","dateModified":"2020-11-03T08:07:02+00:00","breadcrumb":{"@id":"https:\/\/www.mecgem.it\/de\/jobs\/#breadcrumb"},"inLanguage":"de","potentialAction":[{"@type":"ReadAction","target":["https:\/\/www.mecgem.it\/de\/jobs\/"]}]},{"@type":"BreadcrumbList","@id":"https:\/\/www.mecgem.it\/de\/jobs\/#breadcrumb","itemListElement":[{"@type":"ListItem","position":1,"name":"Home","item":"https:\/\/www.mecgem.it\/de\/"},{"@type":"ListItem","position":2,"name":"Jobs"}]},{"@type":"WebSite","@id":"https:\/\/www.mecgem.it\/#website","url":"https:\/\/www.mecgem.it\/","name":"Mecgem","description":"","publisher":{"@id":"https:\/\/www.mecgem.it\/#organization"},"potentialAction":[{"@type":"SearchAction","target":{"@type":"EntryPoint","urlTemplate":"https:\/\/www.mecgem.it\/?s={search_term_string}"},"query-input":"required name=search_term_string"}],"inLanguage":"de"},{"@type":"Organization","@id":"https:\/\/www.mecgem.it\/#organization","name":"MECGEM TECNOLOGY","url":"https:\/\/www.mecgem.it\/","logo":{"@type":"ImageObject","inLanguage":"de","@id":"https:\/\/www.mecgem.it\/#\/schema\/logo\/image\/","url":"https:\/\/www.mecgem.it\/wp-content\/uploads\/2020\/03\/mecgem-tecnology-logo-2.png","contentUrl":"https:\/\/www.mecgem.it\/wp-content\/uploads\/2020\/03\/mecgem-tecnology-logo-2.png","width":543,"height":150,"caption":"MECGEM TECNOLOGY"},"image":{"@id":"https:\/\/www.mecgem.it\/#\/schema\/logo\/image\/"}}]}},"_links":{"self":[{"href":"https:\/\/www.mecgem.it\/de\/wp-json\/wp\/v2\/pages\/17655","targetHints":{"allow":["GET"]}}],"collection":[{"href":"https:\/\/www.mecgem.it\/de\/wp-json\/wp\/v2\/pages"}],"about":[{"href":"https:\/\/www.mecgem.it\/de\/wp-json\/wp\/v2\/types\/page"}],"author":[{"embeddable":true,"href":"https:\/\/www.mecgem.it\/de\/wp-json\/wp\/v2\/users\/1"}],"replies":[{"embeddable":true,"href":"https:\/\/www.mecgem.it\/de\/wp-json\/wp\/v2\/comments?post=17655"}],"version-history":[{"count":3,"href":"https:\/\/www.mecgem.it\/de\/wp-json\/wp\/v2\/pages\/17655\/revisions"}],"predecessor-version":[{"id":17667,"href":"https:\/\/www.mecgem.it\/de\/wp-json\/wp\/v2\/pages\/17655\/revisions\/17667"}],"wp:attachment":[{"href":"https:\/\/www.mecgem.it\/de\/wp-json\/wp\/v2\/media?parent=17655"}],"curies":[{"name":"wp","href":"https:\/\/api.w.org\/{rel}","templated":true}]}}