{"id":17841,"date":"2020-06-23T09:31:31","date_gmt":"2020-06-23T07:31:31","guid":{"rendered":"https:\/\/www.mecgem.it\/branchen\/industria\/"},"modified":"2020-11-12T09:58:43","modified_gmt":"2020-11-12T08:58:43","slug":"industrie","status":"publish","type":"page","link":"https:\/\/www.mecgem.it\/de\/branchen\/industrie\/","title":{"rendered":"Industrie"},"content":{"rendered":"<div class=\"vgblk-rw-wrapper limit-wrapper\"><h2>\n\t<b>Industrie<\/b>\n\t<\/h2>\n\t<p>MECGEM entwirft und realisiert technische L\u00f6sungen f\u00fcr die Wasseraufbereitung in der Industrie, die Aufbereitung von Industrieschlamm und chemischen, erd\u00f6lartigen und mineralischen Produkten.<\/p>\n<p>Wir bieten innovative und technisch fortschrittliche L\u00f6sungen, um maximale Effizienz bei kompletter Sicherheit garantieren zu k\u00f6nnen.<\/p>\n<p>Angebotene Dienstleistungen:<\/p>\n<ul>\n<li> Beratung <\/li>\n<li> Planung <\/li>\n<li> Ausf\u00fchrung <\/li>\n<li> Installation <\/li>\n<li>Kundendienst und Wartung <\/li>\n<li> Finanzierung <\/li>\n<\/ul>\n<h4>\n\tAufbereitung von Prozesswasser\n\t<\/h4>\n\t<p>Mecgem bietet dank der Anwendung von Pressfiltern und Crossflow-Systemen kompetente Planung von Aufbereitungsanlagen f\u00fcr Wasser und Schlamm aus der Herstellung und Industriet\u00e4tigkeit an, die in der Chemie-, Erd\u00f6l-, Mineral- und Lebensmittelindustrie zum Einsatz kommen. So k\u00f6nnen Materialien aus den Feststoffen (entweder f\u00fcr die Produktion oder als Abfall) herausgefiltert und von der Fl\u00fcssigkeit getrennt werden. Je nach Situation k\u00f6nnen die Produktion verbessert oder die Entsorgungskosten gesenkt werden.<\/p>\n<h4>\n\tAufbereitung von Industrieschlamm\n\t<\/h4>\n<h4>\n\tAufbereitung von chemischen Produkten\n\t<\/h4>\n<h4>\n\tAufbereitung von Erd\u00f6lprodukten\n\t<\/h4>\n<h4>\n\tAufbereitung von mineralischen Produkten\n\t<\/h4>\n<\/div><!-- .vgblk-rw-wrapper -->","protected":false},"excerpt":{"rendered":"<p>Industrie MECGEM entwirft und realisiert technische L\u00f6sungen f\u00fcr die Wasseraufbereitung in der Industrie, die Aufbereitung von Industrieschlamm und chemischen, erd\u00f6lartigen und mineralischen Produkten. Wir bieten innovative und technisch fortschrittliche L\u00f6sungen, um maximale Effizienz bei kompletter Sicherheit garantieren zu k\u00f6nnen. Angebotene Dienstleistungen: Beratung Planung Ausf\u00fchrung Installation Kundendienst und Wartung Finanzierung Aufbereitung von Prozesswasser Mecgem bietet dank&#8230;<\/p>\n","protected":false},"author":1,"featured_media":0,"parent":17644,"menu_order":2,"comment_status":"closed","ping_status":"closed","template":"","meta":{"footnotes":""},"class_list":["post-17841","page","type-page","status-publish","hentry"],"yoast_head":"<!-- This site is optimized with the Yoast SEO plugin v21.2 - https:\/\/yoast.com\/wordpress\/plugins\/seo\/ -->\n<title>Industrie | Mecgem<\/title>\n<meta name=\"robots\" content=\"index, follow, max-snippet:-1, max-image-preview:large, max-video-preview:-1\" \/>\n<link rel=\"canonical\" href=\"https:\/\/www.mecgem.it\/de\/branchen\/industrie\/\" \/>\n<meta property=\"og:locale\" content=\"de_DE\" \/>\n<meta property=\"og:type\" content=\"article\" \/>\n<meta property=\"og:title\" content=\"Industrie | Mecgem\" \/>\n<meta property=\"og:description\" content=\"Industrie MECGEM entwirft und realisiert technische L\u00f6sungen f\u00fcr die Wasseraufbereitung in der Industrie, die Aufbereitung von Industrieschlamm und chemischen, erd\u00f6lartigen und mineralischen Produkten. Wir bieten innovative und technisch fortschrittliche L\u00f6sungen, um maximale Effizienz bei kompletter Sicherheit garantieren zu k\u00f6nnen. Angebotene Dienstleistungen: Beratung Planung Ausf\u00fchrung Installation Kundendienst und Wartung Finanzierung Aufbereitung von Prozesswasser Mecgem bietet dank...\" \/>\n<meta property=\"og:url\" content=\"https:\/\/www.mecgem.it\/de\/branchen\/industrie\/\" \/>\n<meta property=\"og:site_name\" content=\"Mecgem\" \/>\n<meta property=\"article:modified_time\" content=\"2020-11-12T08:58:43+00:00\" \/>\n<meta name=\"twitter:card\" content=\"summary_large_image\" \/>\n<meta name=\"twitter:label1\" content=\"Gesch\u00e4tzte Lesezeit\" \/>\n\t<meta name=\"twitter:data1\" content=\"1\u00a0Minute\" \/>\n<script type=\"application\/ld+json\" class=\"yoast-schema-graph\">{\"@context\":\"https:\/\/schema.org\",\"@graph\":[{\"@type\":\"WebPage\",\"@id\":\"https:\/\/www.mecgem.it\/de\/branchen\/industrie\/\",\"url\":\"https:\/\/www.mecgem.it\/de\/branchen\/industrie\/\",\"name\":\"Industrie | Mecgem\",\"isPartOf\":{\"@id\":\"https:\/\/www.mecgem.it\/#website\"},\"datePublished\":\"2020-06-23T07:31:31+00:00\",\"dateModified\":\"2020-11-12T08:58:43+00:00\",\"breadcrumb\":{\"@id\":\"https:\/\/www.mecgem.it\/de\/branchen\/industrie\/#breadcrumb\"},\"inLanguage\":\"de\",\"potentialAction\":[{\"@type\":\"ReadAction\",\"target\":[\"https:\/\/www.mecgem.it\/de\/branchen\/industrie\/\"]}]},{\"@type\":\"BreadcrumbList\",\"@id\":\"https:\/\/www.mecgem.it\/de\/branchen\/industrie\/#breadcrumb\",\"itemListElement\":[{\"@type\":\"ListItem\",\"position\":1,\"name\":\"Home\",\"item\":\"https:\/\/www.mecgem.it\/de\/\"},{\"@type\":\"ListItem\",\"position\":2,\"name\":\"Branchen\",\"item\":\"https:\/\/www.mecgem.it\/de\/branchen\/\"},{\"@type\":\"ListItem\",\"position\":3,\"name\":\"Industrie\"}]},{\"@type\":\"WebSite\",\"@id\":\"https:\/\/www.mecgem.it\/#website\",\"url\":\"https:\/\/www.mecgem.it\/\",\"name\":\"Mecgem\",\"description\":\"\",\"publisher\":{\"@id\":\"https:\/\/www.mecgem.it\/#organization\"},\"potentialAction\":[{\"@type\":\"SearchAction\",\"target\":{\"@type\":\"EntryPoint\",\"urlTemplate\":\"https:\/\/www.mecgem.it\/?s={search_term_string}\"},\"query-input\":\"required name=search_term_string\"}],\"inLanguage\":\"de\"},{\"@type\":\"Organization\",\"@id\":\"https:\/\/www.mecgem.it\/#organization\",\"name\":\"MECGEM TECNOLOGY\",\"url\":\"https:\/\/www.mecgem.it\/\",\"logo\":{\"@type\":\"ImageObject\",\"inLanguage\":\"de\",\"@id\":\"https:\/\/www.mecgem.it\/#\/schema\/logo\/image\/\",\"url\":\"https:\/\/www.mecgem.it\/wp-content\/uploads\/2020\/03\/mecgem-tecnology-logo-2.png\",\"contentUrl\":\"https:\/\/www.mecgem.it\/wp-content\/uploads\/2020\/03\/mecgem-tecnology-logo-2.png\",\"width\":543,\"height\":150,\"caption\":\"MECGEM TECNOLOGY\"},\"image\":{\"@id\":\"https:\/\/www.mecgem.it\/#\/schema\/logo\/image\/\"}}]}<\/script>\n<!-- \/ Yoast SEO plugin. -->","yoast_head_json":{"title":"Industrie | Mecgem","robots":{"index":"index","follow":"follow","max-snippet":"max-snippet:-1","max-image-preview":"max-image-preview:large","max-video-preview":"max-video-preview:-1"},"canonical":"https:\/\/www.mecgem.it\/de\/branchen\/industrie\/","og_locale":"de_DE","og_type":"article","og_title":"Industrie | Mecgem","og_description":"Industrie MECGEM entwirft und realisiert technische L\u00f6sungen f\u00fcr die Wasseraufbereitung in der Industrie, die Aufbereitung von Industrieschlamm und chemischen, erd\u00f6lartigen und mineralischen Produkten. Wir bieten innovative und technisch fortschrittliche L\u00f6sungen, um maximale Effizienz bei kompletter Sicherheit garantieren zu k\u00f6nnen. Angebotene Dienstleistungen: Beratung Planung Ausf\u00fchrung Installation Kundendienst und Wartung Finanzierung Aufbereitung von Prozesswasser Mecgem bietet dank...","og_url":"https:\/\/www.mecgem.it\/de\/branchen\/industrie\/","og_site_name":"Mecgem","article_modified_time":"2020-11-12T08:58:43+00:00","twitter_card":"summary_large_image","twitter_misc":{"Gesch\u00e4tzte Lesezeit":"1\u00a0Minute"},"schema":{"@context":"https:\/\/schema.org","@graph":[{"@type":"WebPage","@id":"https:\/\/www.mecgem.it\/de\/branchen\/industrie\/","url":"https:\/\/www.mecgem.it\/de\/branchen\/industrie\/","name":"Industrie | Mecgem","isPartOf":{"@id":"https:\/\/www.mecgem.it\/#website"},"datePublished":"2020-06-23T07:31:31+00:00","dateModified":"2020-11-12T08:58:43+00:00","breadcrumb":{"@id":"https:\/\/www.mecgem.it\/de\/branchen\/industrie\/#breadcrumb"},"inLanguage":"de","potentialAction":[{"@type":"ReadAction","target":["https:\/\/www.mecgem.it\/de\/branchen\/industrie\/"]}]},{"@type":"BreadcrumbList","@id":"https:\/\/www.mecgem.it\/de\/branchen\/industrie\/#breadcrumb","itemListElement":[{"@type":"ListItem","position":1,"name":"Home","item":"https:\/\/www.mecgem.it\/de\/"},{"@type":"ListItem","position":2,"name":"Branchen","item":"https:\/\/www.mecgem.it\/de\/branchen\/"},{"@type":"ListItem","position":3,"name":"Industrie"}]},{"@type":"WebSite","@id":"https:\/\/www.mecgem.it\/#website","url":"https:\/\/www.mecgem.it\/","name":"Mecgem","description":"","publisher":{"@id":"https:\/\/www.mecgem.it\/#organization"},"potentialAction":[{"@type":"SearchAction","target":{"@type":"EntryPoint","urlTemplate":"https:\/\/www.mecgem.it\/?s={search_term_string}"},"query-input":"required name=search_term_string"}],"inLanguage":"de"},{"@type":"Organization","@id":"https:\/\/www.mecgem.it\/#organization","name":"MECGEM TECNOLOGY","url":"https:\/\/www.mecgem.it\/","logo":{"@type":"ImageObject","inLanguage":"de","@id":"https:\/\/www.mecgem.it\/#\/schema\/logo\/image\/","url":"https:\/\/www.mecgem.it\/wp-content\/uploads\/2020\/03\/mecgem-tecnology-logo-2.png","contentUrl":"https:\/\/www.mecgem.it\/wp-content\/uploads\/2020\/03\/mecgem-tecnology-logo-2.png","width":543,"height":150,"caption":"MECGEM TECNOLOGY"},"image":{"@id":"https:\/\/www.mecgem.it\/#\/schema\/logo\/image\/"}}]}},"_links":{"self":[{"href":"https:\/\/www.mecgem.it\/de\/wp-json\/wp\/v2\/pages\/17841","targetHints":{"allow":["GET"]}}],"collection":[{"href":"https:\/\/www.mecgem.it\/de\/wp-json\/wp\/v2\/pages"}],"about":[{"href":"https:\/\/www.mecgem.it\/de\/wp-json\/wp\/v2\/types\/page"}],"author":[{"embeddable":true,"href":"https:\/\/www.mecgem.it\/de\/wp-json\/wp\/v2\/users\/1"}],"replies":[{"embeddable":true,"href":"https:\/\/www.mecgem.it\/de\/wp-json\/wp\/v2\/comments?post=17841"}],"version-history":[{"count":2,"href":"https:\/\/www.mecgem.it\/de\/wp-json\/wp\/v2\/pages\/17841\/revisions"}],"predecessor-version":[{"id":17852,"href":"https:\/\/www.mecgem.it\/de\/wp-json\/wp\/v2\/pages\/17841\/revisions\/17852"}],"up":[{"embeddable":true,"href":"https:\/\/www.mecgem.it\/de\/wp-json\/wp\/v2\/pages\/17644"}],"wp:attachment":[{"href":"https:\/\/www.mecgem.it\/de\/wp-json\/wp\/v2\/media?parent=17841"}],"curies":[{"name":"wp","href":"https:\/\/api.w.org\/{rel}","templated":true}]}}