{"id":17859,"date":"2020-06-23T09:36:19","date_gmt":"2020-06-23T07:36:19","guid":{"rendered":"https:\/\/www.mecgem.it\/branchen\/cosmetico-farmaceutico\/"},"modified":"2020-11-12T10:10:56","modified_gmt":"2020-11-12T09:10:56","slug":"kosmetik-und-pharmaindustrie","status":"publish","type":"page","link":"https:\/\/www.mecgem.it\/de\/branchen\/kosmetik-und-pharmaindustrie\/","title":{"rendered":"Kosmetik- und Pharmaindustrie"},"content":{"rendered":"<div class=\"vgblk-rw-wrapper limit-wrapper\"><h2>\n\t<b>Kosmetik- und Pharmaindustrie <\/b>\n\t<\/h2>\n\t<p>MECGEM plant und realisiert innovative L\u00f6sungen f\u00fcr die Kosmetik- und Pharmaindustrie, vor allem im Bereich der Extraktion von Wirkstoffen und funktionellen Lebensmitteln (Functional Food).<\/p>\n<p>Angebotene Dienstleistungen:<\/p>\n<ul>\n<li>Beratung <\/li>\n<li> Planung <\/li>\n<li> Ausf\u00fchrung <\/li>\n<li> Installation <\/li>\n<li> Kundendienst und Wartung <\/li>\n<li> Finanzierung <\/li>\n<\/ul>\n<h4>\n\tExtraktion von Wirkstoffen\n\t<\/h4>\n\t<p>R\u00fcckgewinnung von Substanzen wie beispielsweise Terpenen, Polyphenolen oder \u00e4hnlichen Stoffen \u00fcber nat\u00fcrliche und nicht invasive Systeme. So k\u00f6nnen die Eigenschaften dieser Stoffe gezielt erhalten bleiben.<\/p>\n<p>Die Extraktion kann Teil eines Prim\u00e4rprozesses oder auch eines Aufbereitungsprozesses der Produktionsabf\u00e4lle sein, die so aufgewertet werden.<\/p>\n<h4>\n\tFunktionelle Lebensmittel\n\t<\/h4>\n\t<p>Hierbei handelt es sich um Lebensmittel mit f\u00f6rderlichen Eigenschaften (Ballaststoffe, Vitamine, \u2026), die jedoch auch nicht f\u00f6rderliche Bestandteile beinhalten k\u00f6nnen. Mecgem kann die Produkte so behandeln, dass die nicht f\u00f6rderlichen Stoffe verringert werden, wodurch die Produktqualit\u00e4t verbessert wird, da der Anteil der enthaltenen f\u00f6rderlichen Stoffe nach der Behandlung h\u00f6her ist.<\/p>\n<\/div><!-- .vgblk-rw-wrapper -->","protected":false},"excerpt":{"rendered":"<p>Kosmetik- und Pharmaindustrie MECGEM plant und realisiert innovative L\u00f6sungen f\u00fcr die Kosmetik- und Pharmaindustrie, vor allem im Bereich der Extraktion von Wirkstoffen und funktionellen Lebensmitteln (Functional Food). Angebotene Dienstleistungen: Beratung Planung Ausf\u00fchrung Installation Kundendienst und Wartung Finanzierung Extraktion von Wirkstoffen R\u00fcckgewinnung von Substanzen wie beispielsweise Terpenen, Polyphenolen oder \u00e4hnlichen Stoffen \u00fcber nat\u00fcrliche und nicht invasive&#8230;<\/p>\n","protected":false},"author":1,"featured_media":0,"parent":17644,"menu_order":2,"comment_status":"closed","ping_status":"closed","template":"","meta":{"footnotes":""},"class_list":["post-17859","page","type-page","status-publish","hentry"],"yoast_head":"<!-- This site is optimized with the Yoast SEO plugin v21.2 - https:\/\/yoast.com\/wordpress\/plugins\/seo\/ -->\n<title>Kosmetik- und Pharmaindustrie | Mecgem<\/title>\n<meta name=\"robots\" content=\"index, follow, max-snippet:-1, max-image-preview:large, max-video-preview:-1\" \/>\n<link rel=\"canonical\" href=\"https:\/\/www.mecgem.it\/de\/branchen\/kosmetik-und-pharmaindustrie\/\" \/>\n<meta property=\"og:locale\" content=\"de_DE\" \/>\n<meta property=\"og:type\" content=\"article\" \/>\n<meta property=\"og:title\" content=\"Kosmetik- und Pharmaindustrie | Mecgem\" \/>\n<meta property=\"og:description\" content=\"Kosmetik- und Pharmaindustrie MECGEM plant und realisiert innovative L\u00f6sungen f\u00fcr die Kosmetik- und Pharmaindustrie, vor allem im Bereich der Extraktion von Wirkstoffen und funktionellen Lebensmitteln (Functional Food). Angebotene Dienstleistungen: Beratung Planung Ausf\u00fchrung Installation Kundendienst und Wartung Finanzierung Extraktion von Wirkstoffen R\u00fcckgewinnung von Substanzen wie beispielsweise Terpenen, Polyphenolen oder \u00e4hnlichen Stoffen \u00fcber nat\u00fcrliche und nicht invasive...\" \/>\n<meta property=\"og:url\" content=\"https:\/\/www.mecgem.it\/de\/branchen\/kosmetik-und-pharmaindustrie\/\" \/>\n<meta property=\"og:site_name\" content=\"Mecgem\" \/>\n<meta property=\"article:modified_time\" content=\"2020-11-12T09:10:56+00:00\" \/>\n<meta name=\"twitter:card\" content=\"summary_large_image\" \/>\n<meta name=\"twitter:label1\" content=\"Gesch\u00e4tzte Lesezeit\" \/>\n\t<meta name=\"twitter:data1\" content=\"1\u00a0Minute\" \/>\n<script type=\"application\/ld+json\" class=\"yoast-schema-graph\">{\"@context\":\"https:\/\/schema.org\",\"@graph\":[{\"@type\":\"WebPage\",\"@id\":\"https:\/\/www.mecgem.it\/de\/branchen\/kosmetik-und-pharmaindustrie\/\",\"url\":\"https:\/\/www.mecgem.it\/de\/branchen\/kosmetik-und-pharmaindustrie\/\",\"name\":\"Kosmetik- und Pharmaindustrie | Mecgem\",\"isPartOf\":{\"@id\":\"https:\/\/www.mecgem.it\/#website\"},\"datePublished\":\"2020-06-23T07:36:19+00:00\",\"dateModified\":\"2020-11-12T09:10:56+00:00\",\"breadcrumb\":{\"@id\":\"https:\/\/www.mecgem.it\/de\/branchen\/kosmetik-und-pharmaindustrie\/#breadcrumb\"},\"inLanguage\":\"de\",\"potentialAction\":[{\"@type\":\"ReadAction\",\"target\":[\"https:\/\/www.mecgem.it\/de\/branchen\/kosmetik-und-pharmaindustrie\/\"]}]},{\"@type\":\"BreadcrumbList\",\"@id\":\"https:\/\/www.mecgem.it\/de\/branchen\/kosmetik-und-pharmaindustrie\/#breadcrumb\",\"itemListElement\":[{\"@type\":\"ListItem\",\"position\":1,\"name\":\"Home\",\"item\":\"https:\/\/www.mecgem.it\/de\/\"},{\"@type\":\"ListItem\",\"position\":2,\"name\":\"Branchen\",\"item\":\"https:\/\/www.mecgem.it\/de\/branchen\/\"},{\"@type\":\"ListItem\",\"position\":3,\"name\":\"Kosmetik- und Pharmaindustrie\"}]},{\"@type\":\"WebSite\",\"@id\":\"https:\/\/www.mecgem.it\/#website\",\"url\":\"https:\/\/www.mecgem.it\/\",\"name\":\"Mecgem\",\"description\":\"\",\"publisher\":{\"@id\":\"https:\/\/www.mecgem.it\/#organization\"},\"potentialAction\":[{\"@type\":\"SearchAction\",\"target\":{\"@type\":\"EntryPoint\",\"urlTemplate\":\"https:\/\/www.mecgem.it\/?s={search_term_string}\"},\"query-input\":\"required name=search_term_string\"}],\"inLanguage\":\"de\"},{\"@type\":\"Organization\",\"@id\":\"https:\/\/www.mecgem.it\/#organization\",\"name\":\"MECGEM TECNOLOGY\",\"url\":\"https:\/\/www.mecgem.it\/\",\"logo\":{\"@type\":\"ImageObject\",\"inLanguage\":\"de\",\"@id\":\"https:\/\/www.mecgem.it\/#\/schema\/logo\/image\/\",\"url\":\"https:\/\/www.mecgem.it\/wp-content\/uploads\/2020\/03\/mecgem-tecnology-logo-2.png\",\"contentUrl\":\"https:\/\/www.mecgem.it\/wp-content\/uploads\/2020\/03\/mecgem-tecnology-logo-2.png\",\"width\":543,\"height\":150,\"caption\":\"MECGEM TECNOLOGY\"},\"image\":{\"@id\":\"https:\/\/www.mecgem.it\/#\/schema\/logo\/image\/\"}}]}<\/script>\n<!-- \/ Yoast SEO plugin. -->","yoast_head_json":{"title":"Kosmetik- und Pharmaindustrie | Mecgem","robots":{"index":"index","follow":"follow","max-snippet":"max-snippet:-1","max-image-preview":"max-image-preview:large","max-video-preview":"max-video-preview:-1"},"canonical":"https:\/\/www.mecgem.it\/de\/branchen\/kosmetik-und-pharmaindustrie\/","og_locale":"de_DE","og_type":"article","og_title":"Kosmetik- und Pharmaindustrie | Mecgem","og_description":"Kosmetik- und Pharmaindustrie MECGEM plant und realisiert innovative L\u00f6sungen f\u00fcr die Kosmetik- und Pharmaindustrie, vor allem im Bereich der Extraktion von Wirkstoffen und funktionellen Lebensmitteln (Functional Food). Angebotene Dienstleistungen: Beratung Planung Ausf\u00fchrung Installation Kundendienst und Wartung Finanzierung Extraktion von Wirkstoffen R\u00fcckgewinnung von Substanzen wie beispielsweise Terpenen, Polyphenolen oder \u00e4hnlichen Stoffen \u00fcber nat\u00fcrliche und nicht invasive...","og_url":"https:\/\/www.mecgem.it\/de\/branchen\/kosmetik-und-pharmaindustrie\/","og_site_name":"Mecgem","article_modified_time":"2020-11-12T09:10:56+00:00","twitter_card":"summary_large_image","twitter_misc":{"Gesch\u00e4tzte Lesezeit":"1\u00a0Minute"},"schema":{"@context":"https:\/\/schema.org","@graph":[{"@type":"WebPage","@id":"https:\/\/www.mecgem.it\/de\/branchen\/kosmetik-und-pharmaindustrie\/","url":"https:\/\/www.mecgem.it\/de\/branchen\/kosmetik-und-pharmaindustrie\/","name":"Kosmetik- und Pharmaindustrie | Mecgem","isPartOf":{"@id":"https:\/\/www.mecgem.it\/#website"},"datePublished":"2020-06-23T07:36:19+00:00","dateModified":"2020-11-12T09:10:56+00:00","breadcrumb":{"@id":"https:\/\/www.mecgem.it\/de\/branchen\/kosmetik-und-pharmaindustrie\/#breadcrumb"},"inLanguage":"de","potentialAction":[{"@type":"ReadAction","target":["https:\/\/www.mecgem.it\/de\/branchen\/kosmetik-und-pharmaindustrie\/"]}]},{"@type":"BreadcrumbList","@id":"https:\/\/www.mecgem.it\/de\/branchen\/kosmetik-und-pharmaindustrie\/#breadcrumb","itemListElement":[{"@type":"ListItem","position":1,"name":"Home","item":"https:\/\/www.mecgem.it\/de\/"},{"@type":"ListItem","position":2,"name":"Branchen","item":"https:\/\/www.mecgem.it\/de\/branchen\/"},{"@type":"ListItem","position":3,"name":"Kosmetik- und Pharmaindustrie"}]},{"@type":"WebSite","@id":"https:\/\/www.mecgem.it\/#website","url":"https:\/\/www.mecgem.it\/","name":"Mecgem","description":"","publisher":{"@id":"https:\/\/www.mecgem.it\/#organization"},"potentialAction":[{"@type":"SearchAction","target":{"@type":"EntryPoint","urlTemplate":"https:\/\/www.mecgem.it\/?s={search_term_string}"},"query-input":"required name=search_term_string"}],"inLanguage":"de"},{"@type":"Organization","@id":"https:\/\/www.mecgem.it\/#organization","name":"MECGEM TECNOLOGY","url":"https:\/\/www.mecgem.it\/","logo":{"@type":"ImageObject","inLanguage":"de","@id":"https:\/\/www.mecgem.it\/#\/schema\/logo\/image\/","url":"https:\/\/www.mecgem.it\/wp-content\/uploads\/2020\/03\/mecgem-tecnology-logo-2.png","contentUrl":"https:\/\/www.mecgem.it\/wp-content\/uploads\/2020\/03\/mecgem-tecnology-logo-2.png","width":543,"height":150,"caption":"MECGEM TECNOLOGY"},"image":{"@id":"https:\/\/www.mecgem.it\/#\/schema\/logo\/image\/"}}]}},"_links":{"self":[{"href":"https:\/\/www.mecgem.it\/de\/wp-json\/wp\/v2\/pages\/17859","targetHints":{"allow":["GET"]}}],"collection":[{"href":"https:\/\/www.mecgem.it\/de\/wp-json\/wp\/v2\/pages"}],"about":[{"href":"https:\/\/www.mecgem.it\/de\/wp-json\/wp\/v2\/types\/page"}],"author":[{"embeddable":true,"href":"https:\/\/www.mecgem.it\/de\/wp-json\/wp\/v2\/users\/1"}],"replies":[{"embeddable":true,"href":"https:\/\/www.mecgem.it\/de\/wp-json\/wp\/v2\/comments?post=17859"}],"version-history":[{"count":3,"href":"https:\/\/www.mecgem.it\/de\/wp-json\/wp\/v2\/pages\/17859\/revisions"}],"predecessor-version":[{"id":17871,"href":"https:\/\/www.mecgem.it\/de\/wp-json\/wp\/v2\/pages\/17859\/revisions\/17871"}],"up":[{"embeddable":true,"href":"https:\/\/www.mecgem.it\/de\/wp-json\/wp\/v2\/pages\/17644"}],"wp:attachment":[{"href":"https:\/\/www.mecgem.it\/de\/wp-json\/wp\/v2\/media?parent=17859"}],"curies":[{"name":"wp","href":"https:\/\/api.w.org\/{rel}","templated":true}]}}