{"id":17656,"date":"2020-06-23T10:14:03","date_gmt":"2020-06-23T08:14:03","guid":{"rendered":"https:\/\/www.mecgem.it\/job\/"},"modified":"2020-11-03T09:06:42","modified_gmt":"2020-11-03T08:06:42","slug":"empleo","status":"publish","type":"page","link":"https:\/\/www.mecgem.it\/es\/empleo\/","title":{"rendered":"Empleo"},"content":{"rendered":"<div class=\"vgblk-rw-wrapper limit-wrapper\">\n<h4>A continuaci\u00f3n puedes enviar una candidatura espont\u00e1nea para un puesto de trabajo en MecGem. Introduce los datos solicitados y adjunta el archivo con tu curr\u00edculo.<\/h4>\n<p>\n<div class=\"frm_forms  with_frm_style frm_style_stile-di-formidable\" id=\"frm_form_3_container\" >\n<form enctype=\"multipart\/form-data\" method=\"post\" class=\"frm-show-form  frm_js_validate  frm_ajax_submit  frm_pro_form \" id=\"form_contattiit447e5a083e\" >\n<div class=\"frm_form_fields \">\n<fieldset>\n<legend class=\"frm_screen_reader\">Job IT<\/legend>\r\n\r\n<div class=\"frm_fields_container\">\n<input type=\"hidden\" name=\"frm_action\" value=\"create\" \/>\n<input type=\"hidden\" name=\"form_id\" value=\"3\" \/>\n<input type=\"hidden\" name=\"frm_hide_fields_3\" id=\"frm_hide_fields_3\" value=\"\" \/>\n<input type=\"hidden\" name=\"form_key\" value=\"contattiit447e5a083e\" \/>\n<input type=\"hidden\" name=\"item_meta[0]\" value=\"\" \/>\n<input type=\"hidden\" id=\"frm_submit_entry_3\" name=\"frm_submit_entry_3\" value=\"54218b5778\" \/><input type=\"hidden\" name=\"_wp_http_referer\" value=\"\/es\/wp-json\/wp\/v2\/pages\/17656\" \/><div id=\"frm_field_13_container\" class=\"frm_form_field form-field  frm_required_field frm_none_container frm_half frm_first\">\r\n    <label for=\"field_wxgdf2267b12ce0\" id=\"field_wxgdf2267b12ce0_label\" class=\"frm_primary_label\">Nome\r\n        <span class=\"frm_required\">*<\/span>\r\n    <\/label>\r\n    <input  type=\"text\" id=\"field_wxgdf2267b12ce0\" name=\"item_meta[13]\" value=\"\"  placeholder=\"Nome*\" data-reqmsg=\"Questo campo non pu\u00f2 essere vuoto.\" aria-required=\"true\" data-invmsg=\"Testo non \u00e8 valido\" aria-invalid=\"false\"   \/>\r\n    \r\n    \r\n<\/div>\n<div id=\"frm_field_14_container\" class=\"frm_form_field form-field  frm_required_field frm_none_container frm_half\">\r\n    <label for=\"field_dvydyb219d188ac\" id=\"field_dvydyb219d188ac_label\" class=\"frm_primary_label\">Cognome\r\n        <span class=\"frm_required\">*<\/span>\r\n    <\/label>\r\n    <input  type=\"text\" id=\"field_dvydyb219d188ac\" name=\"item_meta[14]\" value=\"\"  placeholder=\"Cognome*\" data-reqmsg=\"Questo campo non pu\u00f2 essere vuoto.\" aria-required=\"true\" data-invmsg=\"Testo non \u00e8 valido\" aria-invalid=\"false\"   \/>\r\n    \r\n    \r\n<\/div>\n<div id=\"frm_field_16_container\" class=\"frm_form_field form-field  frm_required_field frm_none_container frm_half frm_first\">\r\n    <label for=\"field_tfuom25cecd76ad\" id=\"field_tfuom25cecd76ad_label\" class=\"frm_primary_label\">Email\r\n        <span class=\"frm_required\">*<\/span>\r\n    <\/label>\r\n    <input type=\"email\" id=\"field_tfuom25cecd76ad\" name=\"item_meta[16]\" value=\"\"  placeholder=\"Email*\" data-reqmsg=\"Questo campo non pu\u00f2 essere vuoto.\" aria-required=\"true\" data-invmsg=\"Testo non \u00e8 valido\" aria-invalid=\"false\"  \/>\r\n    \r\n    \r\n<\/div>\n<div id=\"frm_field_17_container\" class=\"frm_form_field form-field  frm_required_field frm_none_container frm_half\">\r\n    <label for=\"field_g0mwn15b83bb3e7\" id=\"field_g0mwn15b83bb3e7_label\" class=\"frm_primary_label\">Telefono\r\n        <span class=\"frm_required\">*<\/span>\r\n    <\/label>\r\n    <input  type=\"text\" id=\"field_g0mwn15b83bb3e7\" name=\"item_meta[17]\" value=\"\"  placeholder=\"Telefono*\" data-reqmsg=\"Questo campo non pu\u00f2 essere vuoto.\" aria-required=\"true\" data-invmsg=\"Testo non \u00e8 valido\" aria-invalid=\"false\"   \/>\r\n    \r\n    \r\n<\/div>\n<div id=\"frm_field_18_container\" class=\"frm_form_field form-field  frm_required_field frm_none_container\">\r\n    <label for=\"field_xz3nr18063e3469\" id=\"field_xz3nr18063e3469_label\" class=\"frm_primary_label\">Messaggio\r\n        <span class=\"frm_required\">*<\/span>\r\n    <\/label>\r\n    <textarea name=\"item_meta[18]\" id=\"field_xz3nr18063e3469\" rows=\"5\"  placeholder=\"Messaggio*\" data-reqmsg=\"Questo campo non pu\u00f2 essere vuoto.\" aria-required=\"true\" data-invmsg=\"Messaggio no es v\u00e1lido\" aria-invalid=\"false\"  ><\/textarea>\r\n    \r\n    \r\n<\/div>\n<div id=\"frm_field_20_container\" class=\"frm_form_field form-field  frm_required_field frm_top_container\">\r\n    <div  id=\"field_8hbqn_label\" class=\"frm_primary_label\">Curriculum\r\n        <span class=\"frm_required\">*<\/span>\r\n    <\/div>\r\n    <input type=\"hidden\"  data-reqmsg=\"Questo campo non pu\u00f2 essere vuoto.\" data-invmsg=\"Caricamento file non \u00e8 valido\" class=\"auto_width\" aria-invalid=\"false\"   name=\"item_meta[20]\"  data-reqmsg=\"Questo campo non pu\u00f2 essere vuoto.\"  value=\"\" data-frmfile=\"20\" \/>\n\n<div class=\"frm_dropzone frm_single_upload frm_clearfix\" id=\"file20_dropzone\" role=\"group\" >\n\t<div class=\"fallback\">\n\t\t<input type=\"file\" name=\"file20\" id=\"field_8hbqn\"\n\t\t\t data-reqmsg=\"Questo campo non pu\u00f2 essere vuoto.\" data-invmsg=\"Caricamento file non \u00e8 valido\" class=\"auto_width\" aria-invalid=\"false\"  \t\t\t\/>\n\t\t\t\t<div class=\"frm_clearfix \"><\/div>\n\t<\/div>\n\t<div class=\"dz-message needsclick\">\n\t\t\t\t<svg  viewBox=\"0 0 18 18\" class=\"frmsvg frm-svg-icon\">\n\t<path viewBox=\"0 0 18 18\" fill-rule=\"evenodd\" clip-rule=\"evenodd\" d=\"M8.2 4v8a.8.8 0 001.5 0V4l2.1 2.2A.7.7 0 1013 5L9.5 1.7a.7.7 0 00-1.1 0L5.1 5.2a.8.8 0 001 1l2.1-2zm7.6 4.3c.4 0 .7.3.7.7v6.8c0 .4-.3.7-.8.7H2.3a.8.8 0 01-.8-.8V9A.8.8 0 013 9v6h12V9c0-.4.3-.8.8-.8z\"><\/path>\n<\/svg>\t\t<span class=\"frm_upload_text\"><button type=\"button\" aria-label=\"Curriculum. Trascina qui il tuo file o fai clic per caricarlo. Tama\u00f1o m\u00e1ximo del archivo: 7MB\">Trascina qui il tuo file o fai clic per caricarlo<\/button><\/span>\n\t\t<span class=\"frm_compact_text\"><button type=\"button\" aria-label=\"Curriculum. Scegli file. Tama\u00f1o m\u00e1ximo del archivo: 7MB\">Scegli file<\/button><\/span>\n\t\t<div class=\"frm_small_text\">\n\t\t\t<p>Tama\u00f1o m\u00e1ximo del archivo: 7MB<\/p>\n\t\t<\/div>\n\t<\/div>\n<\/div>\n\t\r\n    \r\n    \r\n<\/div>\n<div id=\"frm_field_19_container\" class=\"frm_form_field form-field  frm_required_field frm_none_container vertical_radio\">\r\n    <div  id=\"field_fdf7w1cb2c3368d_label\" class=\"frm_primary_label\">Privacy policy\r\n        <span class=\"frm_required\">*<\/span>\r\n    <\/div>\r\n    <div class=\"frm_opt_container\" aria-labelledby=\"field_fdf7w1cb2c3368d_label\" role=\"group\">\t\t<div class=\"frm_checkbox\" id=\"frm_checkbox_19-0\">\t\t\t<label  for=\"field_fdf7w1cb2c3368d-0\">\n\t\t\t<input type=\"checkbox\" name=\"item_meta[19][]\" id=\"field_fdf7w1cb2c3368d-0\" value=\"Ho letto e accetto la &lt;a href=&quot;\/privacy-policy&quot; target=&quot;_blank&quot;&gt;privacy policy&lt;\/a&gt;*\"  data-reqmsg=\"Questo campo non pu\u00f2 essere vuoto.\" data-invmsg=\"Privacy policy no es v\u00e1lido\" aria-invalid=\"false\"   aria-required=\"true\"  \/> Ho letto e accetto la <a href=\"\/privacy-policy\" target=\"_blank\">privacy policy<\/a>*<\/label><\/div>\n<\/div>\r\n    \r\n    \r\n<\/div>\n<div id=\"frm_field_22_container\" class=\"frm_form_field form-field  frm_none_container\">\r\n    <label for=\"g-recaptcha-response\" id=\"field_acmkp_label\" class=\"frm_primary_label\">reCAPTCHA\r\n        <span class=\"frm_required\"><\/span>\r\n    <\/label>\r\n    <div  id=\"field_acmkp\" class=\"frm-g-recaptcha\" data-sitekey=\"6Ld96woeAAAAAFyotKOYoBW8yI5rq-oAePMLq7r2\" data-size=\"invisible\" data-theme=\"light\"><\/div>\r\n    \r\n    \r\n<\/div>\n\t<input type=\"hidden\" name=\"item_key\" value=\"\" \/>\n\t<input name=\"frm_state\" type=\"hidden\" value=\"87iyut4GAvIl0y73ii2rajJavi41Vzl0gcQ9soT\/Sogx+BVnuDnPW0dkmZH7AFOC\" \/><div class=\"frm_submit\">\r\n\r\n<button class=\"frm_button_submit frm_final_submit\" type=\"submit\"   formnovalidate=\"formnovalidate\">Invia candidatura<\/button>\r\n\r\n<\/div><\/div>\n<\/fieldset>\n<\/div>\n\n<\/form>\n<\/div>\n<\/div>\n<p><!-- .vgblk-rw-wrapper --><\/p>\n","protected":false},"excerpt":{"rendered":"<p>A continuaci\u00f3n puedes enviar una candidatura espont\u00e1nea para un puesto de trabajo en MecGem. Introduce los datos solicitados y adjunta el archivo con tu curr\u00edculo.<\/p>\n","protected":false},"author":1,"featured_media":0,"parent":0,"menu_order":102,"comment_status":"closed","ping_status":"closed","template":"","meta":{"footnotes":""},"class_list":["post-17656","page","type-page","status-publish","hentry"],"yoast_head":"<!-- This site is optimized with the Yoast SEO plugin v21.2 - https:\/\/yoast.com\/wordpress\/plugins\/seo\/ -->\n<title>Empleo | Mecgem<\/title>\n<meta name=\"robots\" content=\"index, follow, max-snippet:-1, max-image-preview:large, max-video-preview:-1\" \/>\n<link rel=\"canonical\" href=\"https:\/\/www.mecgem.it\/es\/empleo\/\" \/>\n<meta property=\"og:locale\" content=\"es_ES\" \/>\n<meta property=\"og:type\" content=\"article\" \/>\n<meta property=\"og:title\" content=\"Empleo | Mecgem\" \/>\n<meta property=\"og:description\" content=\"A continuaci\u00f3n puedes enviar una candidatura espont\u00e1nea para un puesto de trabajo en MecGem. Introduce los datos solicitados y adjunta el archivo con tu curr\u00edculo.\" \/>\n<meta property=\"og:url\" content=\"https:\/\/www.mecgem.it\/es\/empleo\/\" \/>\n<meta property=\"og:site_name\" content=\"Mecgem\" \/>\n<meta property=\"article:modified_time\" content=\"2020-11-03T08:06:42+00:00\" \/>\n<meta name=\"twitter:card\" content=\"summary_large_image\" \/>\n<script type=\"application\/ld+json\" class=\"yoast-schema-graph\">{\"@context\":\"https:\/\/schema.org\",\"@graph\":[{\"@type\":\"WebPage\",\"@id\":\"https:\/\/www.mecgem.it\/es\/empleo\/\",\"url\":\"https:\/\/www.mecgem.it\/es\/empleo\/\",\"name\":\"Empleo | Mecgem\",\"isPartOf\":{\"@id\":\"https:\/\/www.mecgem.it\/#website\"},\"datePublished\":\"2020-06-23T08:14:03+00:00\",\"dateModified\":\"2020-11-03T08:06:42+00:00\",\"breadcrumb\":{\"@id\":\"https:\/\/www.mecgem.it\/es\/empleo\/#breadcrumb\"},\"inLanguage\":\"es\",\"potentialAction\":[{\"@type\":\"ReadAction\",\"target\":[\"https:\/\/www.mecgem.it\/es\/empleo\/\"]}]},{\"@type\":\"BreadcrumbList\",\"@id\":\"https:\/\/www.mecgem.it\/es\/empleo\/#breadcrumb\",\"itemListElement\":[{\"@type\":\"ListItem\",\"position\":1,\"name\":\"Home\",\"item\":\"https:\/\/www.mecgem.it\/es\/\"},{\"@type\":\"ListItem\",\"position\":2,\"name\":\"Empleo\"}]},{\"@type\":\"WebSite\",\"@id\":\"https:\/\/www.mecgem.it\/#website\",\"url\":\"https:\/\/www.mecgem.it\/\",\"name\":\"Mecgem\",\"description\":\"\",\"publisher\":{\"@id\":\"https:\/\/www.mecgem.it\/#organization\"},\"potentialAction\":[{\"@type\":\"SearchAction\",\"target\":{\"@type\":\"EntryPoint\",\"urlTemplate\":\"https:\/\/www.mecgem.it\/?s={search_term_string}\"},\"query-input\":\"required name=search_term_string\"}],\"inLanguage\":\"es\"},{\"@type\":\"Organization\",\"@id\":\"https:\/\/www.mecgem.it\/#organization\",\"name\":\"MECGEM TECNOLOGY\",\"url\":\"https:\/\/www.mecgem.it\/\",\"logo\":{\"@type\":\"ImageObject\",\"inLanguage\":\"es\",\"@id\":\"https:\/\/www.mecgem.it\/#\/schema\/logo\/image\/\",\"url\":\"https:\/\/www.mecgem.it\/wp-content\/uploads\/2020\/03\/mecgem-tecnology-logo-2.png\",\"contentUrl\":\"https:\/\/www.mecgem.it\/wp-content\/uploads\/2020\/03\/mecgem-tecnology-logo-2.png\",\"width\":543,\"height\":150,\"caption\":\"MECGEM TECNOLOGY\"},\"image\":{\"@id\":\"https:\/\/www.mecgem.it\/#\/schema\/logo\/image\/\"}}]}<\/script>\n<!-- \/ Yoast SEO plugin. -->","yoast_head_json":{"title":"Empleo | Mecgem","robots":{"index":"index","follow":"follow","max-snippet":"max-snippet:-1","max-image-preview":"max-image-preview:large","max-video-preview":"max-video-preview:-1"},"canonical":"https:\/\/www.mecgem.it\/es\/empleo\/","og_locale":"es_ES","og_type":"article","og_title":"Empleo | Mecgem","og_description":"A continuaci\u00f3n puedes enviar una candidatura espont\u00e1nea para un puesto de trabajo en MecGem. Introduce los datos solicitados y adjunta el archivo con tu curr\u00edculo.","og_url":"https:\/\/www.mecgem.it\/es\/empleo\/","og_site_name":"Mecgem","article_modified_time":"2020-11-03T08:06:42+00:00","twitter_card":"summary_large_image","schema":{"@context":"https:\/\/schema.org","@graph":[{"@type":"WebPage","@id":"https:\/\/www.mecgem.it\/es\/empleo\/","url":"https:\/\/www.mecgem.it\/es\/empleo\/","name":"Empleo | Mecgem","isPartOf":{"@id":"https:\/\/www.mecgem.it\/#website"},"datePublished":"2020-06-23T08:14:03+00:00","dateModified":"2020-11-03T08:06:42+00:00","breadcrumb":{"@id":"https:\/\/www.mecgem.it\/es\/empleo\/#breadcrumb"},"inLanguage":"es","potentialAction":[{"@type":"ReadAction","target":["https:\/\/www.mecgem.it\/es\/empleo\/"]}]},{"@type":"BreadcrumbList","@id":"https:\/\/www.mecgem.it\/es\/empleo\/#breadcrumb","itemListElement":[{"@type":"ListItem","position":1,"name":"Home","item":"https:\/\/www.mecgem.it\/es\/"},{"@type":"ListItem","position":2,"name":"Empleo"}]},{"@type":"WebSite","@id":"https:\/\/www.mecgem.it\/#website","url":"https:\/\/www.mecgem.it\/","name":"Mecgem","description":"","publisher":{"@id":"https:\/\/www.mecgem.it\/#organization"},"potentialAction":[{"@type":"SearchAction","target":{"@type":"EntryPoint","urlTemplate":"https:\/\/www.mecgem.it\/?s={search_term_string}"},"query-input":"required name=search_term_string"}],"inLanguage":"es"},{"@type":"Organization","@id":"https:\/\/www.mecgem.it\/#organization","name":"MECGEM TECNOLOGY","url":"https:\/\/www.mecgem.it\/","logo":{"@type":"ImageObject","inLanguage":"es","@id":"https:\/\/www.mecgem.it\/#\/schema\/logo\/image\/","url":"https:\/\/www.mecgem.it\/wp-content\/uploads\/2020\/03\/mecgem-tecnology-logo-2.png","contentUrl":"https:\/\/www.mecgem.it\/wp-content\/uploads\/2020\/03\/mecgem-tecnology-logo-2.png","width":543,"height":150,"caption":"MECGEM TECNOLOGY"},"image":{"@id":"https:\/\/www.mecgem.it\/#\/schema\/logo\/image\/"}}]}},"_links":{"self":[{"href":"https:\/\/www.mecgem.it\/es\/wp-json\/wp\/v2\/pages\/17656","targetHints":{"allow":["GET"]}}],"collection":[{"href":"https:\/\/www.mecgem.it\/es\/wp-json\/wp\/v2\/pages"}],"about":[{"href":"https:\/\/www.mecgem.it\/es\/wp-json\/wp\/v2\/types\/page"}],"author":[{"embeddable":true,"href":"https:\/\/www.mecgem.it\/es\/wp-json\/wp\/v2\/users\/1"}],"replies":[{"embeddable":true,"href":"https:\/\/www.mecgem.it\/es\/wp-json\/wp\/v2\/comments?post=17656"}],"version-history":[{"count":1,"href":"https:\/\/www.mecgem.it\/es\/wp-json\/wp\/v2\/pages\/17656\/revisions"}],"predecessor-version":[{"id":17666,"href":"https:\/\/www.mecgem.it\/es\/wp-json\/wp\/v2\/pages\/17656\/revisions\/17666"}],"wp:attachment":[{"href":"https:\/\/www.mecgem.it\/es\/wp-json\/wp\/v2\/media?parent=17656"}],"curies":[{"name":"wp","href":"https:\/\/api.w.org\/{rel}","templated":true}]}}