{"id":17813,"date":"2017-04-30T11:02:34","date_gmt":"2017-04-30T11:02:34","guid":{"rendered":"https:\/\/www.mecgem.it\/sectores\/beverage\/"},"modified":"2020-11-12T09:32:00","modified_gmt":"2020-11-12T08:32:00","slug":"bebidas","status":"publish","type":"page","link":"https:\/\/www.mecgem.it\/es\/sectores\/bebidas\/","title":{"rendered":"Bebidas"},"content":{"rendered":"<div class=\"vgblk-rw-wrapper limit-wrapper\"><h2>\n\t<b> bebidas <\/b>\n\t<\/h2>\n\t<p>El sector alimentario y de bebidas es muy amplio e incluye una variedad enorme de productos y tipolog\u00edas de empresas con diferentes necesidades.<\/p>\n<p>Por ese motivo, la filtraci\u00f3n tiene muchos tipos distintos de aplicaci\u00f3n en este \u00e1mbito; por ejemplo, en algunas fases del ciclo primario de fabricaci\u00f3n o en los procesos secundarios de tratamiento de los subproductos o descartes de producci\u00f3n, cuyo fin puede ser recuperar materias por motivos econ\u00f3micos o ecol\u00f3gicos.<\/p>\n<p>En Mecgem contamos con la capacidad de ofrecer soluciones a medida aprovechando tecnolog\u00edas potentes y orientadas a mejorar la situaci\u00f3n actual de nuestros clientes y que, adem\u00e1s de mejorar el rendimiento o la eficiencia, sean resistentes y f\u00e1ciles de usar.<\/p>\n<p>Adem\u00e1s de un conocimiento espec\u00edfico sobre la filtraci\u00f3n, en Mecgem ofrecemos tambi\u00e9n el instrumental opcional para completar las prestaciones de las m\u00e1quinas.<\/p>\n<h2>\n\tvino<\/br>\n\t<\/h2>\n\t<p>En el sector enol\u00f3gico, Mecgem puede ofrecer consultor\u00eda, servicios e instalaciones para las distintas fases de producci\u00f3n, desde la recepci\u00f3n\/prensado, clarificaci\u00f3n y el enriquecimiento, a la refrigeraci\u00f3n y almacenamiento. Todo ello es posible gracias a nuestro conocimiento especializado en el sector.<\/p>\n<p>La dilatada experiencia en todas las t\u00e9cnicas de filtraci\u00f3n, tanto cl\u00e1sicas como innovadoras, hacen que Mecgem sea el socio tecnol\u00f3gico ideal para mejorar el proceso de producci\u00f3n del vino. Concretamente, gracias a la tecnolog\u00eda cross-flow desarrollamos m\u00e1quinas de microfiltraci\u00f3n o enriquecimiento de mostos.<\/p>\n<p>Al ser pioneros de la filtraci\u00f3n de posos, hemos desarrollado un sistema s\u00f3lido y de confianza de tipo cross-flow espec\u00edfico para la filtraci\u00f3n de posos o de los fondos de tratamiento, lo cual mejora el rendimiento del producto, reduce los descartes y, en consecuencia, implica mayores beneficios. Esto permite evitar el uso de harina f\u00f3sil, que se utiliza, por ejemplo, en procesos alternativos como el filtro prensa, con la consiguiente mejora en las condiciones de trabajo y de limpieza del entorno.<\/p>\n<h4>\n\tRecepci\u00f3n y prensado\n\t<\/h4>\n<h4>\n\tRefrigeraci\u00f3n y almacenamiento\n\t<\/h4>\n<h4>\n\tClarificaci\u00f3n y enriquecimiento\n\t<\/h4>\n<h4>\n\tFiltraci\u00f3n\n\t<\/h4>\n<h2>\n\tcerveza\n\t<\/h2>\n\t<p>En los \u00faltimos a\u00f1os han proliferado las microcervecer\u00edas que producen un producto propio para que su clientela los consuma, ya sean bares, cervecer\u00edas de granja o productores de cerveza embotellada. En Mecgem contamos con los conocimientos y la experiencia necesarios para suministrar instalaciones completas para producciones de cerveza de distinta capacidad, acompa\u00f1ando a nuestros clientes en todas las fases del proceso de producci\u00f3n, desde el campo al embotellamiento; desde la selecci\u00f3n de materias primas al malteado y a la elaboraci\u00f3n de la cerveza, para pasar a continuaci\u00f3n a la filtraci\u00f3n a varios niveles. Por ejemplo, se puede filtrar para eliminar \u00fanicamente levaduras o para obtener una cerveza totalmente limpia.<\/p>\n<p>Con nuestro servicio de consultor\u00eda ayudamos a las empresas que necesitan poner en marcha una instalaci\u00f3n de producci\u00f3n o que desean mejorar la que ya tienen.<\/p>\n<p>Estudiamos el proceso que mejor se adapta a las necesidades de nuestros clientes, facilitando sistemas de filtraci\u00f3n que respeten las caracter\u00edsticas organol\u00e9pticas y de retenci\u00f3n de espuma del producto de origen.<\/p>\n<h4>\n\tRealizaci\u00f3n de instalaciones completas para cerveza artesanal\n\t<\/h4>\n<h2>\n\taceite\n\t<\/h2>\n\t<p>En el sector del aceite podemos ofrecer soluciones para filtrar y almacenar que permiten obtener un aceite de primera calidad.<\/p>\n<p>Del tratamiento y prensado de las aceitunas se obtiene un subproducto \u2014o producto de descarte\u2014 denominado agua de vegetaci\u00f3n, es decir, el agua residual del proceso de producci\u00f3n de aceite que se puede desechar posteriormente a costes inferiores. Tambi\u00e9n se posibilita la recuperaci\u00f3n de mol\u00e9culas y sustancias interesantes por sus propiedades que, por ejemplo, pueden usarse en el sector de los alimentos probi\u00f3ticos o de los complementos alimenticios.<\/p>\n<p>Esto supone una recuperaci\u00f3n de los costes de eliminaci\u00f3n y un valor a\u00f1adido en los beneficios.<\/p>\n<h4>\n\tTratamiento de agua de vegetaci\u00f3n\n\t<\/h4>\n<h2>\n\tzumos y bebidas<br> en general\n\t<\/h2>\n\t<p>Filtraci\u00f3n, clarificaci\u00f3n, enriquecimiento, intercambio t\u00e9rmico, blending y mezcla, deareaci\u00f3n, limpieza CIP.<\/p>\n<p>Estas son las fases en las que podemos ofrecer asistencia para el dise\u00f1o o la revisi\u00f3n de instalaciones y de sus flujos productivos.<\/p>\n<p>Al centrarnos en la filtraci\u00f3n, ofrecemos a nuestros clientes respuestas relacionadas con el tratamiento de zumos sin pulpa, pur\u00e9s, decoloraci\u00f3n o enriquecimiento, teniendo en cuenta siempre la resistencia, la eficacia y la rentabilidad de las soluciones t\u00e9cnicas propuestas.<\/p>\n<h4>\n\tFiltraci\u00f3n y clarificaci\u00f3n\n\t<\/h4>\n<h4>\n\tInactivaci\u00f3n de enzimas\n\t<\/h4>\n<h4>\n\tIntercambio t\u00e9rmico\n\t<\/h4>\n<h4>\n\tBlending y mezcla\n\t<\/h4>\n<h4>\n\tEnvasado y llenado\n\t<\/h4>\n<h4>\n\tDeareaci\u00f3n y limpieza CIP\n\t<\/h4>\n<h2>\n\tdestilados\n\t<\/h2>\n\t<p>Filtraci\u00f3n y tratamiento de productos procedentes del proceso de destilaci\u00f3n<\/p>\n<p>Adem\u00e1s de los sistemas cl\u00e1sicos de filtraci\u00f3n, podemos ofrecer una filtraci\u00f3n innovadora con membranas, totalmente de acero inoxidable, garantizando al m\u00e1ximo la estabilidad del producto desde el punto de vista organol\u00e9ptico y arom\u00e1tico, sin l\u00edmites en la graduaci\u00f3n alcoh\u00f3lica y respetando las normas vigentes para productos de uso alimentario y a prueba de explosiones.<\/p>\n<h4>\n\tInstalaciones para la producci\u00f3n de whiskey y para orujos destilados de alta calidad.\n\t<\/h4>\n<\/div><!-- .vgblk-rw-wrapper -->","protected":false},"excerpt":{"rendered":"<p>bebidas El sector alimentario y de bebidas es muy amplio e incluye una variedad enorme de productos y tipolog\u00edas de empresas con diferentes necesidades. Por ese motivo, la filtraci\u00f3n tiene muchos tipos distintos de aplicaci\u00f3n en este \u00e1mbito; por ejemplo, en algunas fases del ciclo primario de fabricaci\u00f3n o en los procesos secundarios de tratamiento&#8230;<\/p>\n","protected":false},"author":1,"featured_media":0,"parent":17646,"menu_order":0,"comment_status":"closed","ping_status":"closed","template":"","meta":{"footnotes":""},"class_list":["post-17813","page","type-page","status-publish","hentry"],"yoast_head":"<!-- This site is optimized with the Yoast SEO plugin v21.2 - https:\/\/yoast.com\/wordpress\/plugins\/seo\/ -->\n<title>Bebidas | Mecgem<\/title>\n<meta name=\"robots\" content=\"index, follow, max-snippet:-1, max-image-preview:large, max-video-preview:-1\" \/>\n<link rel=\"canonical\" href=\"https:\/\/www.mecgem.it\/es\/sectores\/bebidas\/\" \/>\n<meta property=\"og:locale\" content=\"es_ES\" \/>\n<meta property=\"og:type\" content=\"article\" \/>\n<meta property=\"og:title\" content=\"Bebidas | Mecgem\" \/>\n<meta property=\"og:description\" content=\"bebidas El sector alimentario y de bebidas es muy amplio e incluye una variedad enorme de productos y tipolog\u00edas de empresas con diferentes necesidades. Por ese motivo, la filtraci\u00f3n tiene muchos tipos distintos de aplicaci\u00f3n en este \u00e1mbito; por ejemplo, en algunas fases del ciclo primario de fabricaci\u00f3n o en los procesos secundarios de tratamiento...\" \/>\n<meta property=\"og:url\" content=\"https:\/\/www.mecgem.it\/es\/sectores\/bebidas\/\" \/>\n<meta property=\"og:site_name\" content=\"Mecgem\" \/>\n<meta property=\"article:modified_time\" content=\"2020-11-12T08:32:00+00:00\" \/>\n<meta name=\"twitter:card\" content=\"summary_large_image\" \/>\n<meta name=\"twitter:label1\" content=\"Tiempo de lectura\" \/>\n\t<meta name=\"twitter:data1\" content=\"4 minutos\" \/>\n<script type=\"application\/ld+json\" class=\"yoast-schema-graph\">{\"@context\":\"https:\/\/schema.org\",\"@graph\":[{\"@type\":\"WebPage\",\"@id\":\"https:\/\/www.mecgem.it\/es\/sectores\/bebidas\/\",\"url\":\"https:\/\/www.mecgem.it\/es\/sectores\/bebidas\/\",\"name\":\"Bebidas | Mecgem\",\"isPartOf\":{\"@id\":\"https:\/\/www.mecgem.it\/#website\"},\"datePublished\":\"2017-04-30T11:02:34+00:00\",\"dateModified\":\"2020-11-12T08:32:00+00:00\",\"breadcrumb\":{\"@id\":\"https:\/\/www.mecgem.it\/es\/sectores\/bebidas\/#breadcrumb\"},\"inLanguage\":\"es\",\"potentialAction\":[{\"@type\":\"ReadAction\",\"target\":[\"https:\/\/www.mecgem.it\/es\/sectores\/bebidas\/\"]}]},{\"@type\":\"BreadcrumbList\",\"@id\":\"https:\/\/www.mecgem.it\/es\/sectores\/bebidas\/#breadcrumb\",\"itemListElement\":[{\"@type\":\"ListItem\",\"position\":1,\"name\":\"Home\",\"item\":\"https:\/\/www.mecgem.it\/es\/\"},{\"@type\":\"ListItem\",\"position\":2,\"name\":\"Sectores\",\"item\":\"https:\/\/www.mecgem.it\/es\/sectores\/\"},{\"@type\":\"ListItem\",\"position\":3,\"name\":\"Bebidas\"}]},{\"@type\":\"WebSite\",\"@id\":\"https:\/\/www.mecgem.it\/#website\",\"url\":\"https:\/\/www.mecgem.it\/\",\"name\":\"Mecgem\",\"description\":\"\",\"publisher\":{\"@id\":\"https:\/\/www.mecgem.it\/#organization\"},\"potentialAction\":[{\"@type\":\"SearchAction\",\"target\":{\"@type\":\"EntryPoint\",\"urlTemplate\":\"https:\/\/www.mecgem.it\/?s={search_term_string}\"},\"query-input\":\"required name=search_term_string\"}],\"inLanguage\":\"es\"},{\"@type\":\"Organization\",\"@id\":\"https:\/\/www.mecgem.it\/#organization\",\"name\":\"MECGEM TECNOLOGY\",\"url\":\"https:\/\/www.mecgem.it\/\",\"logo\":{\"@type\":\"ImageObject\",\"inLanguage\":\"es\",\"@id\":\"https:\/\/www.mecgem.it\/#\/schema\/logo\/image\/\",\"url\":\"https:\/\/www.mecgem.it\/wp-content\/uploads\/2020\/03\/mecgem-tecnology-logo-2.png\",\"contentUrl\":\"https:\/\/www.mecgem.it\/wp-content\/uploads\/2020\/03\/mecgem-tecnology-logo-2.png\",\"width\":543,\"height\":150,\"caption\":\"MECGEM TECNOLOGY\"},\"image\":{\"@id\":\"https:\/\/www.mecgem.it\/#\/schema\/logo\/image\/\"}}]}<\/script>\n<!-- \/ Yoast SEO plugin. -->","yoast_head_json":{"title":"Bebidas | Mecgem","robots":{"index":"index","follow":"follow","max-snippet":"max-snippet:-1","max-image-preview":"max-image-preview:large","max-video-preview":"max-video-preview:-1"},"canonical":"https:\/\/www.mecgem.it\/es\/sectores\/bebidas\/","og_locale":"es_ES","og_type":"article","og_title":"Bebidas | Mecgem","og_description":"bebidas El sector alimentario y de bebidas es muy amplio e incluye una variedad enorme de productos y tipolog\u00edas de empresas con diferentes necesidades. Por ese motivo, la filtraci\u00f3n tiene muchos tipos distintos de aplicaci\u00f3n en este \u00e1mbito; por ejemplo, en algunas fases del ciclo primario de fabricaci\u00f3n o en los procesos secundarios de tratamiento...","og_url":"https:\/\/www.mecgem.it\/es\/sectores\/bebidas\/","og_site_name":"Mecgem","article_modified_time":"2020-11-12T08:32:00+00:00","twitter_card":"summary_large_image","twitter_misc":{"Tiempo de lectura":"4 minutos"},"schema":{"@context":"https:\/\/schema.org","@graph":[{"@type":"WebPage","@id":"https:\/\/www.mecgem.it\/es\/sectores\/bebidas\/","url":"https:\/\/www.mecgem.it\/es\/sectores\/bebidas\/","name":"Bebidas | Mecgem","isPartOf":{"@id":"https:\/\/www.mecgem.it\/#website"},"datePublished":"2017-04-30T11:02:34+00:00","dateModified":"2020-11-12T08:32:00+00:00","breadcrumb":{"@id":"https:\/\/www.mecgem.it\/es\/sectores\/bebidas\/#breadcrumb"},"inLanguage":"es","potentialAction":[{"@type":"ReadAction","target":["https:\/\/www.mecgem.it\/es\/sectores\/bebidas\/"]}]},{"@type":"BreadcrumbList","@id":"https:\/\/www.mecgem.it\/es\/sectores\/bebidas\/#breadcrumb","itemListElement":[{"@type":"ListItem","position":1,"name":"Home","item":"https:\/\/www.mecgem.it\/es\/"},{"@type":"ListItem","position":2,"name":"Sectores","item":"https:\/\/www.mecgem.it\/es\/sectores\/"},{"@type":"ListItem","position":3,"name":"Bebidas"}]},{"@type":"WebSite","@id":"https:\/\/www.mecgem.it\/#website","url":"https:\/\/www.mecgem.it\/","name":"Mecgem","description":"","publisher":{"@id":"https:\/\/www.mecgem.it\/#organization"},"potentialAction":[{"@type":"SearchAction","target":{"@type":"EntryPoint","urlTemplate":"https:\/\/www.mecgem.it\/?s={search_term_string}"},"query-input":"required name=search_term_string"}],"inLanguage":"es"},{"@type":"Organization","@id":"https:\/\/www.mecgem.it\/#organization","name":"MECGEM TECNOLOGY","url":"https:\/\/www.mecgem.it\/","logo":{"@type":"ImageObject","inLanguage":"es","@id":"https:\/\/www.mecgem.it\/#\/schema\/logo\/image\/","url":"https:\/\/www.mecgem.it\/wp-content\/uploads\/2020\/03\/mecgem-tecnology-logo-2.png","contentUrl":"https:\/\/www.mecgem.it\/wp-content\/uploads\/2020\/03\/mecgem-tecnology-logo-2.png","width":543,"height":150,"caption":"MECGEM TECNOLOGY"},"image":{"@id":"https:\/\/www.mecgem.it\/#\/schema\/logo\/image\/"}}]}},"_links":{"self":[{"href":"https:\/\/www.mecgem.it\/es\/wp-json\/wp\/v2\/pages\/17813","targetHints":{"allow":["GET"]}}],"collection":[{"href":"https:\/\/www.mecgem.it\/es\/wp-json\/wp\/v2\/pages"}],"about":[{"href":"https:\/\/www.mecgem.it\/es\/wp-json\/wp\/v2\/types\/page"}],"author":[{"embeddable":true,"href":"https:\/\/www.mecgem.it\/es\/wp-json\/wp\/v2\/users\/1"}],"replies":[{"embeddable":true,"href":"https:\/\/www.mecgem.it\/es\/wp-json\/wp\/v2\/comments?post=17813"}],"version-history":[{"count":3,"href":"https:\/\/www.mecgem.it\/es\/wp-json\/wp\/v2\/pages\/17813\/revisions"}],"predecessor-version":[{"id":17823,"href":"https:\/\/www.mecgem.it\/es\/wp-json\/wp\/v2\/pages\/17813\/revisions\/17823"}],"up":[{"embeddable":true,"href":"https:\/\/www.mecgem.it\/es\/wp-json\/wp\/v2\/pages\/17646"}],"wp:attachment":[{"href":"https:\/\/www.mecgem.it\/es\/wp-json\/wp\/v2\/media?parent=17813"}],"curies":[{"name":"wp","href":"https:\/\/api.w.org\/{rel}","templated":true}]}}