{"id":17843,"date":"2020-06-23T09:31:31","date_gmt":"2020-06-23T07:31:31","guid":{"rendered":"https:\/\/www.mecgem.it\/sectores\/industria\/"},"modified":"2020-11-12T10:01:21","modified_gmt":"2020-11-12T09:01:21","slug":"industria","status":"publish","type":"page","link":"https:\/\/www.mecgem.it\/es\/sectores\/industria\/","title":{"rendered":"Industria"},"content":{"rendered":"<div class=\"vgblk-rw-wrapper limit-wrapper\"><h2>\n\t<b>industria<\/b>\n\t<\/h2>\n\t<p>En MECGEM dise\u00f1amos y realizamos soluciones tecnol\u00f3gicas para el tratamiento de aguas en el sector industrial, tratamientos de lodos industriales, productos qu\u00edmicos, petrol\u00edferos y minerales.<\/p>\n<p>Soluciones innovadoras y vanguardistas para garantizar la m\u00e1xima eficacia con completa seguridad.<\/p>\n<p>Servicios ofrecidos:<\/p>\n<ul>\n<li> consultor\u00eda <\/li>\n<li> dise\u00f1o <\/li>\n<li> realizaci\u00f3n <\/li>\n<li> instalaci\u00f3n <\/li>\n<li>asistencia y mantenimiento<\/li>\n<li> financiaci\u00f3n <\/li>\n<\/ul>\n<h4>\n\tTratamiento de aguas de proceso\n\t<\/h4>\n\t<p>En Mecgem estamos capacitados para dise\u00f1ar instalaciones de tratamiento de aguas y lodos residuales de actividades manufactureras e industriales, ya sean del sector qu\u00edmico, petrol\u00edfero, mineral o alimentario, gracias al empleo de filtros prensa o sistemas de tipo cross-flow. Esto permite recuperar sustancias en fase s\u00f3lida (ya sea producci\u00f3n o descarte) y separarla de la fase l\u00edquida. En funci\u00f3n de la situaci\u00f3n, se pueden obtener mejoras en la producci\u00f3n o reducci\u00f3n de los costes de desecho.<\/p>\n<h4>\n\tTratamiento de lodos industriales\n\t<\/h4>\n<h4>\n\tTratamiento de productos qu\u00edmicos\n\t<\/h4>\n<h4>\n\tTratamiento de productos petrol\u00edferos\n\t<\/h4>\n<h4>\n\tTratamiento de productos minerales\n\t<\/h4>\n<\/div><!-- .vgblk-rw-wrapper -->","protected":false},"excerpt":{"rendered":"<p>industria En MECGEM dise\u00f1amos y realizamos soluciones tecnol\u00f3gicas para el tratamiento de aguas en el sector industrial, tratamientos de lodos industriales, productos qu\u00edmicos, petrol\u00edferos y minerales. Soluciones innovadoras y vanguardistas para garantizar la m\u00e1xima eficacia con completa seguridad. Servicios ofrecidos: consultor\u00eda dise\u00f1o realizaci\u00f3n instalaci\u00f3n asistencia y mantenimiento financiaci\u00f3n Tratamiento de aguas de proceso En Mecgem&#8230;<\/p>\n","protected":false},"author":1,"featured_media":0,"parent":17646,"menu_order":2,"comment_status":"closed","ping_status":"closed","template":"","meta":{"footnotes":""},"class_list":["post-17843","page","type-page","status-publish","hentry"],"yoast_head":"<!-- This site is optimized with the Yoast SEO plugin v21.2 - https:\/\/yoast.com\/wordpress\/plugins\/seo\/ -->\n<title>Industria | Mecgem<\/title>\n<meta name=\"robots\" content=\"index, follow, max-snippet:-1, max-image-preview:large, max-video-preview:-1\" \/>\n<link rel=\"canonical\" href=\"https:\/\/www.mecgem.it\/es\/sectores\/industria\/\" \/>\n<meta property=\"og:locale\" content=\"es_ES\" \/>\n<meta property=\"og:type\" content=\"article\" \/>\n<meta property=\"og:title\" content=\"Industria | Mecgem\" \/>\n<meta property=\"og:description\" content=\"industria En MECGEM dise\u00f1amos y realizamos soluciones tecnol\u00f3gicas para el tratamiento de aguas en el sector industrial, tratamientos de lodos industriales, productos qu\u00edmicos, petrol\u00edferos y minerales. Soluciones innovadoras y vanguardistas para garantizar la m\u00e1xima eficacia con completa seguridad. Servicios ofrecidos: consultor\u00eda dise\u00f1o realizaci\u00f3n instalaci\u00f3n asistencia y mantenimiento financiaci\u00f3n Tratamiento de aguas de proceso En Mecgem...\" \/>\n<meta property=\"og:url\" content=\"https:\/\/www.mecgem.it\/es\/sectores\/industria\/\" \/>\n<meta property=\"og:site_name\" content=\"Mecgem\" \/>\n<meta property=\"article:modified_time\" content=\"2020-11-12T09:01:21+00:00\" \/>\n<meta name=\"twitter:card\" content=\"summary_large_image\" \/>\n<meta name=\"twitter:label1\" content=\"Tiempo de lectura\" \/>\n\t<meta name=\"twitter:data1\" content=\"1 minuto\" \/>\n<script type=\"application\/ld+json\" class=\"yoast-schema-graph\">{\"@context\":\"https:\/\/schema.org\",\"@graph\":[{\"@type\":\"WebPage\",\"@id\":\"https:\/\/www.mecgem.it\/es\/sectores\/industria\/\",\"url\":\"https:\/\/www.mecgem.it\/es\/sectores\/industria\/\",\"name\":\"Industria | Mecgem\",\"isPartOf\":{\"@id\":\"https:\/\/www.mecgem.it\/#website\"},\"datePublished\":\"2020-06-23T07:31:31+00:00\",\"dateModified\":\"2020-11-12T09:01:21+00:00\",\"breadcrumb\":{\"@id\":\"https:\/\/www.mecgem.it\/es\/sectores\/industria\/#breadcrumb\"},\"inLanguage\":\"es\",\"potentialAction\":[{\"@type\":\"ReadAction\",\"target\":[\"https:\/\/www.mecgem.it\/es\/sectores\/industria\/\"]}]},{\"@type\":\"BreadcrumbList\",\"@id\":\"https:\/\/www.mecgem.it\/es\/sectores\/industria\/#breadcrumb\",\"itemListElement\":[{\"@type\":\"ListItem\",\"position\":1,\"name\":\"Home\",\"item\":\"https:\/\/www.mecgem.it\/es\/\"},{\"@type\":\"ListItem\",\"position\":2,\"name\":\"Sectores\",\"item\":\"https:\/\/www.mecgem.it\/es\/sectores\/\"},{\"@type\":\"ListItem\",\"position\":3,\"name\":\"Industria\"}]},{\"@type\":\"WebSite\",\"@id\":\"https:\/\/www.mecgem.it\/#website\",\"url\":\"https:\/\/www.mecgem.it\/\",\"name\":\"Mecgem\",\"description\":\"\",\"publisher\":{\"@id\":\"https:\/\/www.mecgem.it\/#organization\"},\"potentialAction\":[{\"@type\":\"SearchAction\",\"target\":{\"@type\":\"EntryPoint\",\"urlTemplate\":\"https:\/\/www.mecgem.it\/?s={search_term_string}\"},\"query-input\":\"required name=search_term_string\"}],\"inLanguage\":\"es\"},{\"@type\":\"Organization\",\"@id\":\"https:\/\/www.mecgem.it\/#organization\",\"name\":\"MECGEM TECNOLOGY\",\"url\":\"https:\/\/www.mecgem.it\/\",\"logo\":{\"@type\":\"ImageObject\",\"inLanguage\":\"es\",\"@id\":\"https:\/\/www.mecgem.it\/#\/schema\/logo\/image\/\",\"url\":\"https:\/\/www.mecgem.it\/wp-content\/uploads\/2020\/03\/mecgem-tecnology-logo-2.png\",\"contentUrl\":\"https:\/\/www.mecgem.it\/wp-content\/uploads\/2020\/03\/mecgem-tecnology-logo-2.png\",\"width\":543,\"height\":150,\"caption\":\"MECGEM TECNOLOGY\"},\"image\":{\"@id\":\"https:\/\/www.mecgem.it\/#\/schema\/logo\/image\/\"}}]}<\/script>\n<!-- \/ Yoast SEO plugin. -->","yoast_head_json":{"title":"Industria | Mecgem","robots":{"index":"index","follow":"follow","max-snippet":"max-snippet:-1","max-image-preview":"max-image-preview:large","max-video-preview":"max-video-preview:-1"},"canonical":"https:\/\/www.mecgem.it\/es\/sectores\/industria\/","og_locale":"es_ES","og_type":"article","og_title":"Industria | Mecgem","og_description":"industria En MECGEM dise\u00f1amos y realizamos soluciones tecnol\u00f3gicas para el tratamiento de aguas en el sector industrial, tratamientos de lodos industriales, productos qu\u00edmicos, petrol\u00edferos y minerales. Soluciones innovadoras y vanguardistas para garantizar la m\u00e1xima eficacia con completa seguridad. Servicios ofrecidos: consultor\u00eda dise\u00f1o realizaci\u00f3n instalaci\u00f3n asistencia y mantenimiento financiaci\u00f3n Tratamiento de aguas de proceso En Mecgem...","og_url":"https:\/\/www.mecgem.it\/es\/sectores\/industria\/","og_site_name":"Mecgem","article_modified_time":"2020-11-12T09:01:21+00:00","twitter_card":"summary_large_image","twitter_misc":{"Tiempo de lectura":"1 minuto"},"schema":{"@context":"https:\/\/schema.org","@graph":[{"@type":"WebPage","@id":"https:\/\/www.mecgem.it\/es\/sectores\/industria\/","url":"https:\/\/www.mecgem.it\/es\/sectores\/industria\/","name":"Industria | Mecgem","isPartOf":{"@id":"https:\/\/www.mecgem.it\/#website"},"datePublished":"2020-06-23T07:31:31+00:00","dateModified":"2020-11-12T09:01:21+00:00","breadcrumb":{"@id":"https:\/\/www.mecgem.it\/es\/sectores\/industria\/#breadcrumb"},"inLanguage":"es","potentialAction":[{"@type":"ReadAction","target":["https:\/\/www.mecgem.it\/es\/sectores\/industria\/"]}]},{"@type":"BreadcrumbList","@id":"https:\/\/www.mecgem.it\/es\/sectores\/industria\/#breadcrumb","itemListElement":[{"@type":"ListItem","position":1,"name":"Home","item":"https:\/\/www.mecgem.it\/es\/"},{"@type":"ListItem","position":2,"name":"Sectores","item":"https:\/\/www.mecgem.it\/es\/sectores\/"},{"@type":"ListItem","position":3,"name":"Industria"}]},{"@type":"WebSite","@id":"https:\/\/www.mecgem.it\/#website","url":"https:\/\/www.mecgem.it\/","name":"Mecgem","description":"","publisher":{"@id":"https:\/\/www.mecgem.it\/#organization"},"potentialAction":[{"@type":"SearchAction","target":{"@type":"EntryPoint","urlTemplate":"https:\/\/www.mecgem.it\/?s={search_term_string}"},"query-input":"required name=search_term_string"}],"inLanguage":"es"},{"@type":"Organization","@id":"https:\/\/www.mecgem.it\/#organization","name":"MECGEM TECNOLOGY","url":"https:\/\/www.mecgem.it\/","logo":{"@type":"ImageObject","inLanguage":"es","@id":"https:\/\/www.mecgem.it\/#\/schema\/logo\/image\/","url":"https:\/\/www.mecgem.it\/wp-content\/uploads\/2020\/03\/mecgem-tecnology-logo-2.png","contentUrl":"https:\/\/www.mecgem.it\/wp-content\/uploads\/2020\/03\/mecgem-tecnology-logo-2.png","width":543,"height":150,"caption":"MECGEM TECNOLOGY"},"image":{"@id":"https:\/\/www.mecgem.it\/#\/schema\/logo\/image\/"}}]}},"_links":{"self":[{"href":"https:\/\/www.mecgem.it\/es\/wp-json\/wp\/v2\/pages\/17843","targetHints":{"allow":["GET"]}}],"collection":[{"href":"https:\/\/www.mecgem.it\/es\/wp-json\/wp\/v2\/pages"}],"about":[{"href":"https:\/\/www.mecgem.it\/es\/wp-json\/wp\/v2\/types\/page"}],"author":[{"embeddable":true,"href":"https:\/\/www.mecgem.it\/es\/wp-json\/wp\/v2\/users\/1"}],"replies":[{"embeddable":true,"href":"https:\/\/www.mecgem.it\/es\/wp-json\/wp\/v2\/comments?post=17843"}],"version-history":[{"count":2,"href":"https:\/\/www.mecgem.it\/es\/wp-json\/wp\/v2\/pages\/17843\/revisions"}],"predecessor-version":[{"id":17855,"href":"https:\/\/www.mecgem.it\/es\/wp-json\/wp\/v2\/pages\/17843\/revisions\/17855"}],"up":[{"embeddable":true,"href":"https:\/\/www.mecgem.it\/es\/wp-json\/wp\/v2\/pages\/17646"}],"wp:attachment":[{"href":"https:\/\/www.mecgem.it\/es\/wp-json\/wp\/v2\/media?parent=17843"}],"curies":[{"name":"wp","href":"https:\/\/api.w.org\/{rel}","templated":true}]}}