{"id":17623,"date":"2020-03-31T15:35:37","date_gmt":"2020-03-31T13:35:37","guid":{"rendered":"https:\/\/www.mecgem.it\/servizi\/"},"modified":"2020-11-03T10:49:50","modified_gmt":"2020-11-03T09:49:50","slug":"services","status":"publish","type":"page","link":"https:\/\/www.mecgem.it\/fr\/services\/","title":{"rendered":"Services"},"content":{"rendered":"<div class=\"vgblk-rw-wrapper limit-wrapper\"><h5>\n\tMECGEM\n\t<\/h5>\n<h2>\n\tNos <br \/><strong>services<\/strong>\n\t<\/h2>\n<h3>\n\t\t\t<a href=\"\/industries-served\/automotive-manifacturing\/\" title=\"Consultation\" target=\"_self\" rel=\"noopener noreferrer\">\n\tConsultation\n\t\t\t<\/a>\n\t<\/h3>\n\t<p>Mecgem fournit un service d\u2019aide et de consultation soign\u00e9 pour trouver et d\u00e9finir les besoins du client.<\/p>\n<h3>\n\t\t\t<a href=\"\/industries-served\/mechanical-engineering\/\" title=\"Conception\" target=\"_self\" rel=\"noopener noreferrer\">\n\tConception\n\t\t\t<\/a>\n\t<\/h3>\n\t<p>Cette \u00e9tape est suivie par notre unit\u00e9 de recherche et de d\u00e9veloppement interne qui est en mesure de fournir des solutions compl\u00e8tes et innovantes.<\/p>\n<h3>\n\t\t\t<a href=\"\/industries-served\/industrial-construction\/\" title=\"R\u00e9alisation\" target=\"_self\" rel=\"noopener noreferrer\">\n\tR\u00e9alisation\n\t\t\t<\/a>\n\t<\/h3>\n\t<p>Rapidit\u00e9 de r\u00e9alisation, respect des d\u00e9lais de livraison et des sp\u00e9cifications requises par le client.<\/p>\n<h3>\n\t\t\t<a href=\"\/industries-served\/automotive-manifacturing\/\" title=\"Installation\" target=\"_self\" rel=\"noopener noreferrer\">\n\tInstallation\n\t\t\t<\/a>\n\t<\/h3>\n\t<p>Chaque \u00e9tape du montage est effectu\u00e9e par une \u00e9quipe experte et pr\u00e9par\u00e9e.<\/p>\n<h3>\n\t\t\t<a href=\"\/industries-served\/mechanical-engineering\/\" title=\"Assistance apr\u00e8s-vente et maintenance\" target=\"_self\" rel=\"noopener noreferrer\">\n\tAssistance apr\u00e8s-vente et maintenance\n\t\t\t<\/a>\n\t<\/h3>\n\t<p>Personnel comp\u00e9tent \u00e0 disposition lors de la premi\u00e8re mise en service de l\u2019installation et pendant tout le cycle de vie du produit, avec des forfaits de maintenance programm\u00e9s et avantageux.<\/p>\n<h3>\n\t\t\t<a href=\"\/industries-served\/oil-gas-energy\/\" title=\"Solutions financi\u00e8res\" target=\"_self\" rel=\"noopener noreferrer\">\n\tSolutions financi\u00e8res\n\t\t\t<\/a>\n\t<\/h3>\n\t<p>Soutien avec des solutions financi\u00e8res permettant de faciliter et de simplifier l\u2019investissement (l\u2019achat d\u2019une installation ne repr\u00e9sente pas toujours une solution r\u00e9alisable).<\/p>\n<h5>\n\tSVILUPPIAMO\n\t<\/h5>\n<h2>\n\tProjets de <b>durabilit\u00e9 environnementale<\/b>\n\t<\/h2>\n\t<p>Gr\u00e2ce au d\u00e9veloppement de processus innovants et fonctionnels pour r\u00e9cup\u00e9rer les d\u00e9chets issus des productions agro-alimentaires.<\/p>\n\t<a href=\"https:\/\/www.mecgem.it\/fr\/contacts\/\" target=\"_self\" role=\"button\" rel=\"noopener noreferrer\">\n\t\t\t\t\tEn savoir plus\n\t<\/a>\n<\/div><!-- .vgblk-rw-wrapper -->","protected":false},"excerpt":{"rendered":"<p>MECGEM Nos services Consultation Mecgem fournit un service d\u2019aide et de consultation soign\u00e9 pour trouver et d\u00e9finir les besoins du client. Conception Cette \u00e9tape est suivie par notre unit\u00e9 de recherche et de d\u00e9veloppement interne qui est en mesure de fournir des solutions compl\u00e8tes et innovantes. R\u00e9alisation Rapidit\u00e9 de r\u00e9alisation, respect des d\u00e9lais de livraison&#8230;<\/p>\n","protected":false},"author":1,"featured_media":0,"parent":0,"menu_order":0,"comment_status":"closed","ping_status":"closed","template":"","meta":{"footnotes":""},"class_list":["post-17623","page","type-page","status-publish","hentry"],"yoast_head":"<!-- This site is optimized with the Yoast SEO plugin v21.2 - https:\/\/yoast.com\/wordpress\/plugins\/seo\/ -->\n<title>Services | Mecgem<\/title>\n<meta name=\"robots\" content=\"index, follow, max-snippet:-1, max-image-preview:large, max-video-preview:-1\" \/>\n<link rel=\"canonical\" href=\"https:\/\/www.mecgem.it\/fr\/services\/\" \/>\n<meta property=\"og:locale\" content=\"fr_FR\" \/>\n<meta property=\"og:type\" content=\"article\" \/>\n<meta property=\"og:title\" content=\"Services | Mecgem\" \/>\n<meta property=\"og:description\" content=\"MECGEM Nos services Consultation Mecgem fournit un service d\u2019aide et de consultation soign\u00e9 pour trouver et d\u00e9finir les besoins du client. Conception Cette \u00e9tape est suivie par notre unit\u00e9 de recherche et de d\u00e9veloppement interne qui est en mesure de fournir des solutions compl\u00e8tes et innovantes. R\u00e9alisation Rapidit\u00e9 de r\u00e9alisation, respect des d\u00e9lais de livraison...\" \/>\n<meta property=\"og:url\" content=\"https:\/\/www.mecgem.it\/fr\/services\/\" \/>\n<meta property=\"og:site_name\" content=\"Mecgem\" \/>\n<meta property=\"article:modified_time\" content=\"2020-11-03T09:49:50+00:00\" \/>\n<meta name=\"twitter:card\" content=\"summary_large_image\" \/>\n<meta name=\"twitter:label1\" content=\"Dur\u00e9e de lecture estim\u00e9e\" \/>\n\t<meta name=\"twitter:data1\" content=\"1 minute\" \/>\n<script type=\"application\/ld+json\" class=\"yoast-schema-graph\">{\"@context\":\"https:\/\/schema.org\",\"@graph\":[{\"@type\":\"WebPage\",\"@id\":\"https:\/\/www.mecgem.it\/fr\/services\/\",\"url\":\"https:\/\/www.mecgem.it\/fr\/services\/\",\"name\":\"Services | Mecgem\",\"isPartOf\":{\"@id\":\"https:\/\/www.mecgem.it\/#website\"},\"datePublished\":\"2020-03-31T13:35:37+00:00\",\"dateModified\":\"2020-11-03T09:49:50+00:00\",\"breadcrumb\":{\"@id\":\"https:\/\/www.mecgem.it\/fr\/services\/#breadcrumb\"},\"inLanguage\":\"fr-FR\",\"potentialAction\":[{\"@type\":\"ReadAction\",\"target\":[\"https:\/\/www.mecgem.it\/fr\/services\/\"]}]},{\"@type\":\"BreadcrumbList\",\"@id\":\"https:\/\/www.mecgem.it\/fr\/services\/#breadcrumb\",\"itemListElement\":[{\"@type\":\"ListItem\",\"position\":1,\"name\":\"Home\",\"item\":\"https:\/\/www.mecgem.it\/fr\/\"},{\"@type\":\"ListItem\",\"position\":2,\"name\":\"Services\"}]},{\"@type\":\"WebSite\",\"@id\":\"https:\/\/www.mecgem.it\/#website\",\"url\":\"https:\/\/www.mecgem.it\/\",\"name\":\"Mecgem\",\"description\":\"\",\"publisher\":{\"@id\":\"https:\/\/www.mecgem.it\/#organization\"},\"potentialAction\":[{\"@type\":\"SearchAction\",\"target\":{\"@type\":\"EntryPoint\",\"urlTemplate\":\"https:\/\/www.mecgem.it\/?s={search_term_string}\"},\"query-input\":\"required name=search_term_string\"}],\"inLanguage\":\"fr-FR\"},{\"@type\":\"Organization\",\"@id\":\"https:\/\/www.mecgem.it\/#organization\",\"name\":\"MECGEM TECNOLOGY\",\"url\":\"https:\/\/www.mecgem.it\/\",\"logo\":{\"@type\":\"ImageObject\",\"inLanguage\":\"fr-FR\",\"@id\":\"https:\/\/www.mecgem.it\/#\/schema\/logo\/image\/\",\"url\":\"https:\/\/www.mecgem.it\/wp-content\/uploads\/2020\/03\/mecgem-tecnology-logo-2.png\",\"contentUrl\":\"https:\/\/www.mecgem.it\/wp-content\/uploads\/2020\/03\/mecgem-tecnology-logo-2.png\",\"width\":543,\"height\":150,\"caption\":\"MECGEM TECNOLOGY\"},\"image\":{\"@id\":\"https:\/\/www.mecgem.it\/#\/schema\/logo\/image\/\"}}]}<\/script>\n<!-- \/ Yoast SEO plugin. -->","yoast_head_json":{"title":"Services | Mecgem","robots":{"index":"index","follow":"follow","max-snippet":"max-snippet:-1","max-image-preview":"max-image-preview:large","max-video-preview":"max-video-preview:-1"},"canonical":"https:\/\/www.mecgem.it\/fr\/services\/","og_locale":"fr_FR","og_type":"article","og_title":"Services | Mecgem","og_description":"MECGEM Nos services Consultation Mecgem fournit un service d\u2019aide et de consultation soign\u00e9 pour trouver et d\u00e9finir les besoins du client. Conception Cette \u00e9tape est suivie par notre unit\u00e9 de recherche et de d\u00e9veloppement interne qui est en mesure de fournir des solutions compl\u00e8tes et innovantes. R\u00e9alisation Rapidit\u00e9 de r\u00e9alisation, respect des d\u00e9lais de livraison...","og_url":"https:\/\/www.mecgem.it\/fr\/services\/","og_site_name":"Mecgem","article_modified_time":"2020-11-03T09:49:50+00:00","twitter_card":"summary_large_image","twitter_misc":{"Dur\u00e9e de lecture estim\u00e9e":"1 minute"},"schema":{"@context":"https:\/\/schema.org","@graph":[{"@type":"WebPage","@id":"https:\/\/www.mecgem.it\/fr\/services\/","url":"https:\/\/www.mecgem.it\/fr\/services\/","name":"Services | Mecgem","isPartOf":{"@id":"https:\/\/www.mecgem.it\/#website"},"datePublished":"2020-03-31T13:35:37+00:00","dateModified":"2020-11-03T09:49:50+00:00","breadcrumb":{"@id":"https:\/\/www.mecgem.it\/fr\/services\/#breadcrumb"},"inLanguage":"fr-FR","potentialAction":[{"@type":"ReadAction","target":["https:\/\/www.mecgem.it\/fr\/services\/"]}]},{"@type":"BreadcrumbList","@id":"https:\/\/www.mecgem.it\/fr\/services\/#breadcrumb","itemListElement":[{"@type":"ListItem","position":1,"name":"Home","item":"https:\/\/www.mecgem.it\/fr\/"},{"@type":"ListItem","position":2,"name":"Services"}]},{"@type":"WebSite","@id":"https:\/\/www.mecgem.it\/#website","url":"https:\/\/www.mecgem.it\/","name":"Mecgem","description":"","publisher":{"@id":"https:\/\/www.mecgem.it\/#organization"},"potentialAction":[{"@type":"SearchAction","target":{"@type":"EntryPoint","urlTemplate":"https:\/\/www.mecgem.it\/?s={search_term_string}"},"query-input":"required name=search_term_string"}],"inLanguage":"fr-FR"},{"@type":"Organization","@id":"https:\/\/www.mecgem.it\/#organization","name":"MECGEM TECNOLOGY","url":"https:\/\/www.mecgem.it\/","logo":{"@type":"ImageObject","inLanguage":"fr-FR","@id":"https:\/\/www.mecgem.it\/#\/schema\/logo\/image\/","url":"https:\/\/www.mecgem.it\/wp-content\/uploads\/2020\/03\/mecgem-tecnology-logo-2.png","contentUrl":"https:\/\/www.mecgem.it\/wp-content\/uploads\/2020\/03\/mecgem-tecnology-logo-2.png","width":543,"height":150,"caption":"MECGEM TECNOLOGY"},"image":{"@id":"https:\/\/www.mecgem.it\/#\/schema\/logo\/image\/"}}]}},"_links":{"self":[{"href":"https:\/\/www.mecgem.it\/fr\/wp-json\/wp\/v2\/pages\/17623","targetHints":{"allow":["GET"]}}],"collection":[{"href":"https:\/\/www.mecgem.it\/fr\/wp-json\/wp\/v2\/pages"}],"about":[{"href":"https:\/\/www.mecgem.it\/fr\/wp-json\/wp\/v2\/types\/page"}],"author":[{"embeddable":true,"href":"https:\/\/www.mecgem.it\/fr\/wp-json\/wp\/v2\/users\/1"}],"replies":[{"embeddable":true,"href":"https:\/\/www.mecgem.it\/fr\/wp-json\/wp\/v2\/comments?post=17623"}],"version-history":[{"count":4,"href":"https:\/\/www.mecgem.it\/fr\/wp-json\/wp\/v2\/pages\/17623\/revisions"}],"predecessor-version":[{"id":17774,"href":"https:\/\/www.mecgem.it\/fr\/wp-json\/wp\/v2\/pages\/17623\/revisions\/17774"}],"wp:attachment":[{"href":"https:\/\/www.mecgem.it\/fr\/wp-json\/wp\/v2\/media?parent=17623"}],"curies":[{"name":"wp","href":"https:\/\/api.w.org\/{rel}","templated":true}]}}