{"id":17839,"date":"2020-06-23T09:31:31","date_gmt":"2020-06-23T07:31:31","guid":{"rendered":"https:\/\/www.mecgem.it\/secteurs\/industria\/"},"modified":"2020-11-12T09:56:01","modified_gmt":"2020-11-12T08:56:01","slug":"industrie","status":"publish","type":"page","link":"https:\/\/www.mecgem.it\/fr\/secteurs\/industrie\/","title":{"rendered":"Industrie"},"content":{"rendered":"<div class=\"vgblk-rw-wrapper limit-wrapper\"><h2>\n\t<b>industrie<\/b>\n\t<\/h2>\n\t<p>MECGEM con\u00e7oit et r\u00e9alise des solutions technologiques pour le traitement des eaux dans le secteur industriel, le traitement de boues industrielles, de produits chimiques, p\u00e9troliers et min\u00e9raux.<\/p>\n<p>Des solutions innovantes et de pointe pour assurer une efficacit\u00e9 maximale en toute s\u00e9curit\u00e9.<\/p>\n<p>Services offerts:<\/p>\n<ul>\n<li> consultation <\/li>\n<li> conception <\/li>\n<li> r\u00e9alisation <\/li>\n<li>installation<\/li>\n<li>assistance technique et maintenance<\/li>\n<li>solutions financi\u00e8res\n<\/li>\n<\/ul>\n<h4>\n\tTraitement des eaux de process\n\t<\/h4>\n\t<p>Mecgem a les comp\u00e9tences pour concevoir des installations de traitement des eaux, des boues r\u00e9siduelles d\u2019activit\u00e9s manufacturi\u00e8res et industrielles, qu\u2019elles soient industrielles, chimiques, min\u00e9rales ou alimentaires, gr\u00e2ce \u00e0 l\u2019utilisation du filtre-presse ou de syst\u00e8mes de filtration tangentielle (cross-flow). Cela permet de r\u00e9cup\u00e9rer des substances en phase solide (que ce soit lors de la fabrication que dans les d\u00e9chets) ou de les s\u00e9parer de la phase liquide.\u00a0 En fonction de la situation, il est possible d\u2019obtenir des am\u00e9liorations de la production ou une r\u00e9duction des co\u00fbts d\u2019\u00e9limination.<\/p>\n<h4>\n\tTraitement boues industrielles\n\t<\/h4>\n<h4>\n\tTraitement produits chimiques\n\t<\/h4>\n<h4>\n\tTraitement produits p\u00e9troliers\n\t<\/h4>\n<h4>\n\tTraitement produits min\u00e9raux\n\t<\/h4>\n<\/div><!-- .vgblk-rw-wrapper -->","protected":false},"excerpt":{"rendered":"<p>industrie MECGEM con\u00e7oit et r\u00e9alise des solutions technologiques pour le traitement des eaux dans le secteur industriel, le traitement de boues industrielles, de produits chimiques, p\u00e9troliers et min\u00e9raux. Des solutions innovantes et de pointe pour assurer une efficacit\u00e9 maximale en toute s\u00e9curit\u00e9. Services offerts: consultation conception r\u00e9alisation installation assistance technique et maintenance solutions financi\u00e8res Traitement&#8230;<\/p>\n","protected":false},"author":1,"featured_media":0,"parent":17642,"menu_order":2,"comment_status":"closed","ping_status":"closed","template":"","meta":{"footnotes":""},"class_list":["post-17839","page","type-page","status-publish","hentry"],"yoast_head":"<!-- This site is optimized with the Yoast SEO plugin v21.2 - https:\/\/yoast.com\/wordpress\/plugins\/seo\/ -->\n<title>Industrie | Mecgem<\/title>\n<meta name=\"robots\" content=\"index, follow, max-snippet:-1, max-image-preview:large, max-video-preview:-1\" \/>\n<link rel=\"canonical\" href=\"https:\/\/www.mecgem.it\/fr\/secteurs\/industrie\/\" \/>\n<meta property=\"og:locale\" content=\"fr_FR\" \/>\n<meta property=\"og:type\" content=\"article\" \/>\n<meta property=\"og:title\" content=\"Industrie | Mecgem\" \/>\n<meta property=\"og:description\" content=\"industrie MECGEM con\u00e7oit et r\u00e9alise des solutions technologiques pour le traitement des eaux dans le secteur industriel, le traitement de boues industrielles, de produits chimiques, p\u00e9troliers et min\u00e9raux. Des solutions innovantes et de pointe pour assurer une efficacit\u00e9 maximale en toute s\u00e9curit\u00e9. Services offerts: consultation conception r\u00e9alisation installation assistance technique et maintenance solutions financi\u00e8res Traitement...\" \/>\n<meta property=\"og:url\" content=\"https:\/\/www.mecgem.it\/fr\/secteurs\/industrie\/\" \/>\n<meta property=\"og:site_name\" content=\"Mecgem\" \/>\n<meta property=\"article:modified_time\" content=\"2020-11-12T08:56:01+00:00\" \/>\n<meta name=\"twitter:card\" content=\"summary_large_image\" \/>\n<meta name=\"twitter:label1\" content=\"Dur\u00e9e de lecture estim\u00e9e\" \/>\n\t<meta name=\"twitter:data1\" content=\"1 minute\" \/>\n<script type=\"application\/ld+json\" class=\"yoast-schema-graph\">{\"@context\":\"https:\/\/schema.org\",\"@graph\":[{\"@type\":\"WebPage\",\"@id\":\"https:\/\/www.mecgem.it\/fr\/secteurs\/industrie\/\",\"url\":\"https:\/\/www.mecgem.it\/fr\/secteurs\/industrie\/\",\"name\":\"Industrie | Mecgem\",\"isPartOf\":{\"@id\":\"https:\/\/www.mecgem.it\/#website\"},\"datePublished\":\"2020-06-23T07:31:31+00:00\",\"dateModified\":\"2020-11-12T08:56:01+00:00\",\"breadcrumb\":{\"@id\":\"https:\/\/www.mecgem.it\/fr\/secteurs\/industrie\/#breadcrumb\"},\"inLanguage\":\"fr-FR\",\"potentialAction\":[{\"@type\":\"ReadAction\",\"target\":[\"https:\/\/www.mecgem.it\/fr\/secteurs\/industrie\/\"]}]},{\"@type\":\"BreadcrumbList\",\"@id\":\"https:\/\/www.mecgem.it\/fr\/secteurs\/industrie\/#breadcrumb\",\"itemListElement\":[{\"@type\":\"ListItem\",\"position\":1,\"name\":\"Home\",\"item\":\"https:\/\/www.mecgem.it\/fr\/\"},{\"@type\":\"ListItem\",\"position\":2,\"name\":\"Secteurs\",\"item\":\"https:\/\/www.mecgem.it\/fr\/secteurs\/\"},{\"@type\":\"ListItem\",\"position\":3,\"name\":\"Industrie\"}]},{\"@type\":\"WebSite\",\"@id\":\"https:\/\/www.mecgem.it\/#website\",\"url\":\"https:\/\/www.mecgem.it\/\",\"name\":\"Mecgem\",\"description\":\"\",\"publisher\":{\"@id\":\"https:\/\/www.mecgem.it\/#organization\"},\"potentialAction\":[{\"@type\":\"SearchAction\",\"target\":{\"@type\":\"EntryPoint\",\"urlTemplate\":\"https:\/\/www.mecgem.it\/?s={search_term_string}\"},\"query-input\":\"required name=search_term_string\"}],\"inLanguage\":\"fr-FR\"},{\"@type\":\"Organization\",\"@id\":\"https:\/\/www.mecgem.it\/#organization\",\"name\":\"MECGEM TECNOLOGY\",\"url\":\"https:\/\/www.mecgem.it\/\",\"logo\":{\"@type\":\"ImageObject\",\"inLanguage\":\"fr-FR\",\"@id\":\"https:\/\/www.mecgem.it\/#\/schema\/logo\/image\/\",\"url\":\"https:\/\/www.mecgem.it\/wp-content\/uploads\/2020\/03\/mecgem-tecnology-logo-2.png\",\"contentUrl\":\"https:\/\/www.mecgem.it\/wp-content\/uploads\/2020\/03\/mecgem-tecnology-logo-2.png\",\"width\":543,\"height\":150,\"caption\":\"MECGEM TECNOLOGY\"},\"image\":{\"@id\":\"https:\/\/www.mecgem.it\/#\/schema\/logo\/image\/\"}}]}<\/script>\n<!-- \/ Yoast SEO plugin. -->","yoast_head_json":{"title":"Industrie | Mecgem","robots":{"index":"index","follow":"follow","max-snippet":"max-snippet:-1","max-image-preview":"max-image-preview:large","max-video-preview":"max-video-preview:-1"},"canonical":"https:\/\/www.mecgem.it\/fr\/secteurs\/industrie\/","og_locale":"fr_FR","og_type":"article","og_title":"Industrie | Mecgem","og_description":"industrie MECGEM con\u00e7oit et r\u00e9alise des solutions technologiques pour le traitement des eaux dans le secteur industriel, le traitement de boues industrielles, de produits chimiques, p\u00e9troliers et min\u00e9raux. Des solutions innovantes et de pointe pour assurer une efficacit\u00e9 maximale en toute s\u00e9curit\u00e9. Services offerts: consultation conception r\u00e9alisation installation assistance technique et maintenance solutions financi\u00e8res Traitement...","og_url":"https:\/\/www.mecgem.it\/fr\/secteurs\/industrie\/","og_site_name":"Mecgem","article_modified_time":"2020-11-12T08:56:01+00:00","twitter_card":"summary_large_image","twitter_misc":{"Dur\u00e9e de lecture estim\u00e9e":"1 minute"},"schema":{"@context":"https:\/\/schema.org","@graph":[{"@type":"WebPage","@id":"https:\/\/www.mecgem.it\/fr\/secteurs\/industrie\/","url":"https:\/\/www.mecgem.it\/fr\/secteurs\/industrie\/","name":"Industrie | Mecgem","isPartOf":{"@id":"https:\/\/www.mecgem.it\/#website"},"datePublished":"2020-06-23T07:31:31+00:00","dateModified":"2020-11-12T08:56:01+00:00","breadcrumb":{"@id":"https:\/\/www.mecgem.it\/fr\/secteurs\/industrie\/#breadcrumb"},"inLanguage":"fr-FR","potentialAction":[{"@type":"ReadAction","target":["https:\/\/www.mecgem.it\/fr\/secteurs\/industrie\/"]}]},{"@type":"BreadcrumbList","@id":"https:\/\/www.mecgem.it\/fr\/secteurs\/industrie\/#breadcrumb","itemListElement":[{"@type":"ListItem","position":1,"name":"Home","item":"https:\/\/www.mecgem.it\/fr\/"},{"@type":"ListItem","position":2,"name":"Secteurs","item":"https:\/\/www.mecgem.it\/fr\/secteurs\/"},{"@type":"ListItem","position":3,"name":"Industrie"}]},{"@type":"WebSite","@id":"https:\/\/www.mecgem.it\/#website","url":"https:\/\/www.mecgem.it\/","name":"Mecgem","description":"","publisher":{"@id":"https:\/\/www.mecgem.it\/#organization"},"potentialAction":[{"@type":"SearchAction","target":{"@type":"EntryPoint","urlTemplate":"https:\/\/www.mecgem.it\/?s={search_term_string}"},"query-input":"required name=search_term_string"}],"inLanguage":"fr-FR"},{"@type":"Organization","@id":"https:\/\/www.mecgem.it\/#organization","name":"MECGEM TECNOLOGY","url":"https:\/\/www.mecgem.it\/","logo":{"@type":"ImageObject","inLanguage":"fr-FR","@id":"https:\/\/www.mecgem.it\/#\/schema\/logo\/image\/","url":"https:\/\/www.mecgem.it\/wp-content\/uploads\/2020\/03\/mecgem-tecnology-logo-2.png","contentUrl":"https:\/\/www.mecgem.it\/wp-content\/uploads\/2020\/03\/mecgem-tecnology-logo-2.png","width":543,"height":150,"caption":"MECGEM TECNOLOGY"},"image":{"@id":"https:\/\/www.mecgem.it\/#\/schema\/logo\/image\/"}}]}},"_links":{"self":[{"href":"https:\/\/www.mecgem.it\/fr\/wp-json\/wp\/v2\/pages\/17839","targetHints":{"allow":["GET"]}}],"collection":[{"href":"https:\/\/www.mecgem.it\/fr\/wp-json\/wp\/v2\/pages"}],"about":[{"href":"https:\/\/www.mecgem.it\/fr\/wp-json\/wp\/v2\/types\/page"}],"author":[{"embeddable":true,"href":"https:\/\/www.mecgem.it\/fr\/wp-json\/wp\/v2\/users\/1"}],"replies":[{"embeddable":true,"href":"https:\/\/www.mecgem.it\/fr\/wp-json\/wp\/v2\/comments?post=17839"}],"version-history":[{"count":2,"href":"https:\/\/www.mecgem.it\/fr\/wp-json\/wp\/v2\/pages\/17839\/revisions"}],"predecessor-version":[{"id":17849,"href":"https:\/\/www.mecgem.it\/fr\/wp-json\/wp\/v2\/pages\/17839\/revisions\/17849"}],"up":[{"embeddable":true,"href":"https:\/\/www.mecgem.it\/fr\/wp-json\/wp\/v2\/pages\/17642"}],"wp:attachment":[{"href":"https:\/\/www.mecgem.it\/fr\/wp-json\/wp\/v2\/media?parent=17839"}],"curies":[{"name":"wp","href":"https:\/\/api.w.org\/{rel}","templated":true}]}}