{"id":17857,"date":"2020-06-23T09:36:19","date_gmt":"2020-06-23T07:36:19","guid":{"rendered":"https:\/\/www.mecgem.it\/secteurs\/cosmetico-farmaceutico\/"},"modified":"2020-11-12T10:08:35","modified_gmt":"2020-11-12T09:08:35","slug":"cosmetique-et-secteur-pharmaceutique","status":"publish","type":"page","link":"https:\/\/www.mecgem.it\/fr\/secteurs\/cosmetique-et-secteur-pharmaceutique\/","title":{"rendered":"Cosm\u00e9tique et secteur pharmaceutique"},"content":{"rendered":"<div class=\"vgblk-rw-wrapper limit-wrapper\"><h2>\n\t<b>cosm\u00e9tique et secteur pharmaceutique<\/b>\n\t<\/h2>\n\t<p>MECGEM con\u00e7oit et r\u00e9alise des solutions innovantes pour le secteur cosm\u00e9tique et pharmaceutique, notamment en ce qui concerne l\u2019extraction de principes actifs et d\u2019aliments fonctionnels.<\/p>\n<p>Services offerts:<\/p>\n<ul>\n<li> consultation <\/li>\n<li> conception <\/li>\n<li> r\u00e9alisation <\/li>\n<li> installation <\/li>\n<li> assistance technique et maintenance <\/li>\n<li>solutions financi\u00e8res\n<\/li>\n<\/ul>\n<h4>\n\tExtraction des principes actifs\n\t<\/h4>\n\t<p>R\u00e9cup\u00e9ration de substances comme, par exemple, les terp\u00e8nes, les polyph\u00e9nols et similaires, moyennant des syst\u00e8mes naturels et non envahissants, qui permettent de pr\u00e9server les caract\u00e9ristiques de tels principes de fa\u00e7on cibl\u00e9e.<\/p>\n<p>Telles extractions peuvent faire partie d\u2019un processus primaire ou bien d\u2019un processus de r\u00e9cup\u00e9ration des r\u00e9sidus de production qui sont re-valoris\u00e9s.<\/p>\n<h4>\n\tAliments fonctionnels\n\t<\/h4>\n\t<p>Il s\u2019agit d\u2019aliments qui ont des propri\u00e9t\u00e9s b\u00e9n\u00e9fiques (fibres, vitamines, &#8230;), mais qui pourraient \u00e9galement contenir des compos\u00e9s non b\u00e9n\u00e9fiques. Mecgem parvient \u00e0 traiter le produit en permettant une r\u00e9duction des substances non b\u00e9n\u00e9fiques et en am\u00e9liorant la qualit\u00e9 du produit puisque les substances b\u00e9n\u00e9fiques ont un pourcentage sup\u00e9rieur apr\u00e8s le traitement.<\/p>\n<\/div><!-- .vgblk-rw-wrapper -->","protected":false},"excerpt":{"rendered":"<p>cosm\u00e9tique et secteur pharmaceutique MECGEM con\u00e7oit et r\u00e9alise des solutions innovantes pour le secteur cosm\u00e9tique et pharmaceutique, notamment en ce qui concerne l\u2019extraction de principes actifs et d\u2019aliments fonctionnels. Services offerts: consultation conception r\u00e9alisation installation assistance technique et maintenance solutions financi\u00e8res Extraction des principes actifs R\u00e9cup\u00e9ration de substances comme, par exemple, les terp\u00e8nes, les polyph\u00e9nols&#8230;<\/p>\n","protected":false},"author":1,"featured_media":0,"parent":17642,"menu_order":2,"comment_status":"closed","ping_status":"closed","template":"","meta":{"footnotes":""},"class_list":["post-17857","page","type-page","status-publish","hentry"],"yoast_head":"<!-- This site is optimized with the Yoast SEO plugin v21.2 - https:\/\/yoast.com\/wordpress\/plugins\/seo\/ -->\n<title>Cosm\u00e9tique et secteur pharmaceutique | Mecgem<\/title>\n<meta name=\"robots\" content=\"index, follow, max-snippet:-1, max-image-preview:large, max-video-preview:-1\" \/>\n<link rel=\"canonical\" href=\"https:\/\/www.mecgem.it\/fr\/secteurs\/cosmetique-et-secteur-pharmaceutique\/\" \/>\n<meta property=\"og:locale\" content=\"fr_FR\" \/>\n<meta property=\"og:type\" content=\"article\" \/>\n<meta property=\"og:title\" content=\"Cosm\u00e9tique et secteur pharmaceutique | Mecgem\" \/>\n<meta property=\"og:description\" content=\"cosm\u00e9tique et secteur pharmaceutique MECGEM con\u00e7oit et r\u00e9alise des solutions innovantes pour le secteur cosm\u00e9tique et pharmaceutique, notamment en ce qui concerne l\u2019extraction de principes actifs et d\u2019aliments fonctionnels. Services offerts: consultation conception r\u00e9alisation installation assistance technique et maintenance solutions financi\u00e8res Extraction des principes actifs R\u00e9cup\u00e9ration de substances comme, par exemple, les terp\u00e8nes, les polyph\u00e9nols...\" \/>\n<meta property=\"og:url\" content=\"https:\/\/www.mecgem.it\/fr\/secteurs\/cosmetique-et-secteur-pharmaceutique\/\" \/>\n<meta property=\"og:site_name\" content=\"Mecgem\" \/>\n<meta property=\"article:modified_time\" content=\"2020-11-12T09:08:35+00:00\" \/>\n<meta name=\"twitter:card\" content=\"summary_large_image\" \/>\n<meta name=\"twitter:label1\" content=\"Dur\u00e9e de lecture estim\u00e9e\" \/>\n\t<meta name=\"twitter:data1\" content=\"1 minute\" \/>\n<script type=\"application\/ld+json\" class=\"yoast-schema-graph\">{\"@context\":\"https:\/\/schema.org\",\"@graph\":[{\"@type\":\"WebPage\",\"@id\":\"https:\/\/www.mecgem.it\/fr\/secteurs\/cosmetique-et-secteur-pharmaceutique\/\",\"url\":\"https:\/\/www.mecgem.it\/fr\/secteurs\/cosmetique-et-secteur-pharmaceutique\/\",\"name\":\"Cosm\u00e9tique et secteur pharmaceutique | Mecgem\",\"isPartOf\":{\"@id\":\"https:\/\/www.mecgem.it\/#website\"},\"datePublished\":\"2020-06-23T07:36:19+00:00\",\"dateModified\":\"2020-11-12T09:08:35+00:00\",\"breadcrumb\":{\"@id\":\"https:\/\/www.mecgem.it\/fr\/secteurs\/cosmetique-et-secteur-pharmaceutique\/#breadcrumb\"},\"inLanguage\":\"fr-FR\",\"potentialAction\":[{\"@type\":\"ReadAction\",\"target\":[\"https:\/\/www.mecgem.it\/fr\/secteurs\/cosmetique-et-secteur-pharmaceutique\/\"]}]},{\"@type\":\"BreadcrumbList\",\"@id\":\"https:\/\/www.mecgem.it\/fr\/secteurs\/cosmetique-et-secteur-pharmaceutique\/#breadcrumb\",\"itemListElement\":[{\"@type\":\"ListItem\",\"position\":1,\"name\":\"Home\",\"item\":\"https:\/\/www.mecgem.it\/fr\/\"},{\"@type\":\"ListItem\",\"position\":2,\"name\":\"Secteurs\",\"item\":\"https:\/\/www.mecgem.it\/fr\/secteurs\/\"},{\"@type\":\"ListItem\",\"position\":3,\"name\":\"Cosm\u00e9tique et secteur pharmaceutique\"}]},{\"@type\":\"WebSite\",\"@id\":\"https:\/\/www.mecgem.it\/#website\",\"url\":\"https:\/\/www.mecgem.it\/\",\"name\":\"Mecgem\",\"description\":\"\",\"publisher\":{\"@id\":\"https:\/\/www.mecgem.it\/#organization\"},\"potentialAction\":[{\"@type\":\"SearchAction\",\"target\":{\"@type\":\"EntryPoint\",\"urlTemplate\":\"https:\/\/www.mecgem.it\/?s={search_term_string}\"},\"query-input\":\"required name=search_term_string\"}],\"inLanguage\":\"fr-FR\"},{\"@type\":\"Organization\",\"@id\":\"https:\/\/www.mecgem.it\/#organization\",\"name\":\"MECGEM TECNOLOGY\",\"url\":\"https:\/\/www.mecgem.it\/\",\"logo\":{\"@type\":\"ImageObject\",\"inLanguage\":\"fr-FR\",\"@id\":\"https:\/\/www.mecgem.it\/#\/schema\/logo\/image\/\",\"url\":\"https:\/\/www.mecgem.it\/wp-content\/uploads\/2020\/03\/mecgem-tecnology-logo-2.png\",\"contentUrl\":\"https:\/\/www.mecgem.it\/wp-content\/uploads\/2020\/03\/mecgem-tecnology-logo-2.png\",\"width\":543,\"height\":150,\"caption\":\"MECGEM TECNOLOGY\"},\"image\":{\"@id\":\"https:\/\/www.mecgem.it\/#\/schema\/logo\/image\/\"}}]}<\/script>\n<!-- \/ Yoast SEO plugin. -->","yoast_head_json":{"title":"Cosm\u00e9tique et secteur pharmaceutique | Mecgem","robots":{"index":"index","follow":"follow","max-snippet":"max-snippet:-1","max-image-preview":"max-image-preview:large","max-video-preview":"max-video-preview:-1"},"canonical":"https:\/\/www.mecgem.it\/fr\/secteurs\/cosmetique-et-secteur-pharmaceutique\/","og_locale":"fr_FR","og_type":"article","og_title":"Cosm\u00e9tique et secteur pharmaceutique | Mecgem","og_description":"cosm\u00e9tique et secteur pharmaceutique MECGEM con\u00e7oit et r\u00e9alise des solutions innovantes pour le secteur cosm\u00e9tique et pharmaceutique, notamment en ce qui concerne l\u2019extraction de principes actifs et d\u2019aliments fonctionnels. Services offerts: consultation conception r\u00e9alisation installation assistance technique et maintenance solutions financi\u00e8res Extraction des principes actifs R\u00e9cup\u00e9ration de substances comme, par exemple, les terp\u00e8nes, les polyph\u00e9nols...","og_url":"https:\/\/www.mecgem.it\/fr\/secteurs\/cosmetique-et-secteur-pharmaceutique\/","og_site_name":"Mecgem","article_modified_time":"2020-11-12T09:08:35+00:00","twitter_card":"summary_large_image","twitter_misc":{"Dur\u00e9e de lecture estim\u00e9e":"1 minute"},"schema":{"@context":"https:\/\/schema.org","@graph":[{"@type":"WebPage","@id":"https:\/\/www.mecgem.it\/fr\/secteurs\/cosmetique-et-secteur-pharmaceutique\/","url":"https:\/\/www.mecgem.it\/fr\/secteurs\/cosmetique-et-secteur-pharmaceutique\/","name":"Cosm\u00e9tique et secteur pharmaceutique | Mecgem","isPartOf":{"@id":"https:\/\/www.mecgem.it\/#website"},"datePublished":"2020-06-23T07:36:19+00:00","dateModified":"2020-11-12T09:08:35+00:00","breadcrumb":{"@id":"https:\/\/www.mecgem.it\/fr\/secteurs\/cosmetique-et-secteur-pharmaceutique\/#breadcrumb"},"inLanguage":"fr-FR","potentialAction":[{"@type":"ReadAction","target":["https:\/\/www.mecgem.it\/fr\/secteurs\/cosmetique-et-secteur-pharmaceutique\/"]}]},{"@type":"BreadcrumbList","@id":"https:\/\/www.mecgem.it\/fr\/secteurs\/cosmetique-et-secteur-pharmaceutique\/#breadcrumb","itemListElement":[{"@type":"ListItem","position":1,"name":"Home","item":"https:\/\/www.mecgem.it\/fr\/"},{"@type":"ListItem","position":2,"name":"Secteurs","item":"https:\/\/www.mecgem.it\/fr\/secteurs\/"},{"@type":"ListItem","position":3,"name":"Cosm\u00e9tique et secteur pharmaceutique"}]},{"@type":"WebSite","@id":"https:\/\/www.mecgem.it\/#website","url":"https:\/\/www.mecgem.it\/","name":"Mecgem","description":"","publisher":{"@id":"https:\/\/www.mecgem.it\/#organization"},"potentialAction":[{"@type":"SearchAction","target":{"@type":"EntryPoint","urlTemplate":"https:\/\/www.mecgem.it\/?s={search_term_string}"},"query-input":"required name=search_term_string"}],"inLanguage":"fr-FR"},{"@type":"Organization","@id":"https:\/\/www.mecgem.it\/#organization","name":"MECGEM TECNOLOGY","url":"https:\/\/www.mecgem.it\/","logo":{"@type":"ImageObject","inLanguage":"fr-FR","@id":"https:\/\/www.mecgem.it\/#\/schema\/logo\/image\/","url":"https:\/\/www.mecgem.it\/wp-content\/uploads\/2020\/03\/mecgem-tecnology-logo-2.png","contentUrl":"https:\/\/www.mecgem.it\/wp-content\/uploads\/2020\/03\/mecgem-tecnology-logo-2.png","width":543,"height":150,"caption":"MECGEM TECNOLOGY"},"image":{"@id":"https:\/\/www.mecgem.it\/#\/schema\/logo\/image\/"}}]}},"_links":{"self":[{"href":"https:\/\/www.mecgem.it\/fr\/wp-json\/wp\/v2\/pages\/17857","targetHints":{"allow":["GET"]}}],"collection":[{"href":"https:\/\/www.mecgem.it\/fr\/wp-json\/wp\/v2\/pages"}],"about":[{"href":"https:\/\/www.mecgem.it\/fr\/wp-json\/wp\/v2\/types\/page"}],"author":[{"embeddable":true,"href":"https:\/\/www.mecgem.it\/fr\/wp-json\/wp\/v2\/users\/1"}],"replies":[{"embeddable":true,"href":"https:\/\/www.mecgem.it\/fr\/wp-json\/wp\/v2\/comments?post=17857"}],"version-history":[{"count":2,"href":"https:\/\/www.mecgem.it\/fr\/wp-json\/wp\/v2\/pages\/17857\/revisions"}],"predecessor-version":[{"id":17867,"href":"https:\/\/www.mecgem.it\/fr\/wp-json\/wp\/v2\/pages\/17857\/revisions\/17867"}],"up":[{"embeddable":true,"href":"https:\/\/www.mecgem.it\/fr\/wp-json\/wp\/v2\/pages\/17642"}],"wp:attachment":[{"href":"https:\/\/www.mecgem.it\/fr\/wp-json\/wp\/v2\/media?parent=17857"}],"curies":[{"name":"wp","href":"https:\/\/api.w.org\/{rel}","templated":true}]}}